{"id":160035,"date":"2025-11-17T20:06:41","date_gmt":"2025-11-17T19:06:41","guid":{"rendered":"https:\/\/www.ernstbrunn-apotheke.at\/katalog\/produkt\/solgar-haut-haare-naegel-komplex-tabletten-60-stk\/"},"modified":"2025-12-09T11:43:07","modified_gmt":"2025-12-09T10:43:07","slug":"solgar-haut-haare-naegel-komplex-tabletten-60-stk","status":"publish","type":"product","link":"https:\/\/www.ernstbrunn-apotheke.at\/katalog\/produkt\/solgar-haut-haare-naegel-komplex-tabletten-60-stk\/","title":{"rendered":"Solgar Haut-, Haare-, N\u00e4gel-Komplex Tabletten 60 Stk."},"content":{"rendered":"<p><strong>Mit organischem Schwefel (MSM\u00ae) f\u00fcr die \u00adKollagenbildung<\/strong><\/p>\n<p>&#13;<\/p>\n<p>Organischer Schwefel spielt im K\u00f6rper eine bedeutende Rolle. Als Teil anderer Stoffe wie Aminos\u00e4uren, Enzymen, Hormonen und Glutathion ist es wichtig, sich gen\u00fcgend damit zu versorgen. Zus\u00e4tzlich ist \u00adorganischer Schwefel auch ein Strukturbaustein f\u00fcr das Bindegewebe.<\/p>\n<p>&#13;<\/p>\n<p>Auch Kollagen ist Teil des Bindegewebes, sorgt f\u00fcr straffe Haut und ausreichend Feuchtigkeit. Vitamin C ist ein wichtiger Bestandteil unserer Formel, da es zu einer normalen Kollagenbildung und einer normalen Hautfunktion beitr\u00e4gt. MSM\u00ae (organischer Schwefel) mischt auch bei der Synthese von Hyalurons\u00e4ure und Kollagen mit. Antioxidanzien sch\u00fctzen dich vor oxidativem Stress, der Spuren im K\u00f6rper hinterlassen kann. Zink, Kupfer und Vitamin C sch\u00fctzen vor diesem, der z. B. auch durch den Einfluss von UV-Licht entstehen kann.<\/p>\n<p>&#13;<\/p>\n<p>Unser Haut-Haare-N\u00e4gel-Komplex enth\u00e4lt MSM\u00ae, Rotalge, Vitamin C, \u00adL-Lysin, L-Prolin, Zink und Kupfer.<\/p>\n<p>&#13;<\/p>\n<p><strong>Besonderheiten<\/strong><br \/>\u2212 enth\u00e4lt OptiMSM\u00ae in gepr\u00fcfter Qualit\u00e4t<br \/>\u2212 mit Rotalge<br \/>\u2212 mit L-Lysin und L-Prolin<\/p>\n<p>&#13;<\/p>\n<p><strong>Benefits<\/strong><br \/>Kupfer<br \/>\u2212 tr\u00e4gt zur Erhaltung von normalem Bindegewebe, Haarpigmentierung, Hautpigmentierung und Schutz vor oxidativem Stress bei<\/p>\n<p>&#13;<\/p>\n<p>Vitamin C<br \/>\u2212 tr\u00e4gt zu einer normalen Kollagenbildung f\u00fcr eine normale Funktion der Haut bei<br \/>\u2212 tr\u00e4gt dazu bei, die Zellen vor oxidativem Stress zu sch\u00fctzen Zink<br \/>\u2212 tr\u00e4gt zu normalen Haaren, normalen N\u00e4geln, normaler Haut bei<br \/>\u2212 tr\u00e4gt zum Schutz der Zellen vor oxidativem Stress bei<\/p>\n","protected":false},"excerpt":{"rendered":"<p>Mit organischem Schwefel (MSM\u00ae) f\u00fcr die \u00adKollagenbildung &#13; Organischer Schwefel spielt im K\u00f6rper eine bedeutende Rolle. Als Teil anderer Stoffe wie Aminos\u00e4uren, Enzymen, Hormonen und Glutathion ist es wichtig, sich gen\u00fcgend damit zu versorgen. Zus\u00e4tzlich ist \u00adorganischer Schwefel auch ein Strukturbaustein f\u00fcr das Bindegewebe. &#13; Auch Kollagen ist Teil des Bindegewebes, sorgt f\u00fcr straffe Haut [&hellip;]<\/p>\n","protected":false},"featured_media":0,"template":"","meta":{"_acf_changed":false},"product_brand":[],"product_cat":[791],"product_tag":[],"class_list":{"0":"post-160035","1":"product","2":"type-product","3":"status-publish","5":"product_cat-s","6":"pa_packungsgroesse-60-stueck","8":"first","9":"instock","10":"shipping-taxable","11":"purchasable","12":"product-type-simple"},"acf":[],"_links":{"self":[{"href":"https:\/\/www.ernstbrunn-apotheke.at\/katalog\/wp-json\/wp\/v2\/product\/160035","targetHints":{"allow":["GET"]}}],"collection":[{"href":"https:\/\/www.ernstbrunn-apotheke.at\/katalog\/wp-json\/wp\/v2\/product"}],"about":[{"href":"https:\/\/www.ernstbrunn-apotheke.at\/katalog\/wp-json\/wp\/v2\/types\/product"}],"wp:attachment":[{"href":"https:\/\/www.ernstbrunn-apotheke.at\/katalog\/wp-json\/wp\/v2\/media?parent=160035"}],"wp:term":[{"taxonomy":"product_brand","embeddable":true,"href":"https:\/\/www.ernstbrunn-apotheke.at\/katalog\/wp-json\/wp\/v2\/product_brand?post=160035"},{"taxonomy":"product_cat","embeddable":true,"href":"https:\/\/www.ernstbrunn-apotheke.at\/katalog\/wp-json\/wp\/v2\/product_cat?post=160035"},{"taxonomy":"product_tag","embeddable":true,"href":"https:\/\/www.ernstbrunn-apotheke.at\/katalog\/wp-json\/wp\/v2\/product_tag?post=160035"}],"curies":[{"name":"wp","href":"https:\/\/api.w.org\/{rel}","templated":true}]}}