{"id":159933,"date":"2025-11-17T20:04:55","date_gmt":"2025-11-17T19:04:55","guid":{"rendered":"https:\/\/www.ernstbrunn-apotheke.at\/katalog\/produkt\/st-severin-schwarznessel-tropfen\/"},"modified":"2025-12-09T11:42:43","modified_gmt":"2025-12-09T10:42:43","slug":"st-severin-schwarznessel-tropfen","status":"publish","type":"product","link":"https:\/\/www.ernstbrunn-apotheke.at\/katalog\/produkt\/st-severin-schwarznessel-tropfen\/","title":{"rendered":"St. Severin Schwarznessel Tropfen"},"content":{"rendered":"<p>Produktbeschreibung: Bei Bedarf 2 &#8211; 3 x 1 &#8211; 2 Spr\u00fchst\u00f6\u00dfe direkt in den Mund spr\u00fchen. Die Schwarznessel (Ballota nigra L.) die auch unter dem Namen schwarzer Andorn bekannt ist, ist eine Pflanzenart aus der Familie der Lippenbl\u00fctler (Lamiaceae). Man sagt ihr vor allem beruhigende und krampfl\u00f6sende Eigenschaften nach. In der Volksmedizin nutzt man sie seit jeher als leichtes Beruhigungsmittel, bei Nervosit\u00e4t und leichten Schlafst\u00f6rungen, bei nerv\u00f6sen Magen- und Verdauungsbeschwerden und krampfartigem Husten\u00a0<\/p>\n","protected":false},"excerpt":{"rendered":"<p>Produktbeschreibung: Bei Bedarf 2 &#8211; 3 x 1 &#8211; 2 Spr\u00fchst\u00f6\u00dfe direkt in den Mund spr\u00fchen. Die Schwarznessel (Ballota nigra L.) die auch unter dem Namen schwarzer Andorn bekannt ist, ist eine Pflanzenart aus der Familie der Lippenbl\u00fctler (Lamiaceae). Man sagt ihr vor allem beruhigende und krampfl\u00f6sende Eigenschaften nach. In der Volksmedizin nutzt man sie [&hellip;]<\/p>\n","protected":false},"featured_media":159935,"template":"","meta":{"_acf_changed":false},"product_brand":[435],"product_cat":[791],"product_tag":[],"class_list":{"0":"post-159933","1":"product","2":"type-product","3":"status-publish","4":"has-post-thumbnail","6":"product_brand-st-severin","7":"product_cat-s","8":"pa_packungsgroesse-100ml","10":"first","11":"instock","12":"shipping-taxable","13":"purchasable","14":"product-type-simple"},"acf":[],"_links":{"self":[{"href":"https:\/\/www.ernstbrunn-apotheke.at\/katalog\/wp-json\/wp\/v2\/product\/159933","targetHints":{"allow":["GET"]}}],"collection":[{"href":"https:\/\/www.ernstbrunn-apotheke.at\/katalog\/wp-json\/wp\/v2\/product"}],"about":[{"href":"https:\/\/www.ernstbrunn-apotheke.at\/katalog\/wp-json\/wp\/v2\/types\/product"}],"wp:featuredmedia":[{"embeddable":true,"href":"https:\/\/www.ernstbrunn-apotheke.at\/katalog\/wp-json\/wp\/v2\/media\/159935"}],"wp:attachment":[{"href":"https:\/\/www.ernstbrunn-apotheke.at\/katalog\/wp-json\/wp\/v2\/media?parent=159933"}],"wp:term":[{"taxonomy":"product_brand","embeddable":true,"href":"https:\/\/www.ernstbrunn-apotheke.at\/katalog\/wp-json\/wp\/v2\/product_brand?post=159933"},{"taxonomy":"product_cat","embeddable":true,"href":"https:\/\/www.ernstbrunn-apotheke.at\/katalog\/wp-json\/wp\/v2\/product_cat?post=159933"},{"taxonomy":"product_tag","embeddable":true,"href":"https:\/\/www.ernstbrunn-apotheke.at\/katalog\/wp-json\/wp\/v2\/product_tag?post=159933"}],"curies":[{"name":"wp","href":"https:\/\/api.w.org\/{rel}","templated":true}]}}