{"id":15978,"date":"2025-11-07T18:16:41","date_gmt":"2025-11-07T17:16:41","guid":{"rendered":"https:\/\/www.ernstbrunn-apotheke.at\/katalog\/produkt\/melasan-chlorella-kapseln-120-stk\/"},"modified":"2025-12-08T13:53:35","modified_gmt":"2025-12-08T12:53:35","slug":"melasan-chlorella-kapseln-120-stk","status":"publish","type":"product","link":"https:\/\/www.ernstbrunn-apotheke.at\/katalog\/produkt\/melasan-chlorella-kapseln-120-stk\/","title":{"rendered":"Melasan Chlorella Kapseln 120 Stk."},"content":{"rendered":"<p>Melasan Chlorella Kapseln 120 Stk. eignen sich f\u00fcr die gezielte kurzfristige Zufuhr von wertvollen N\u00e4hrstoffen, zur Steigerung der B12-Zufuhr bei Personen mit \u00fcberwiegend vegetarischer oder veganer Ern\u00e4hrung und bei \u00e4lteren Menschen. Chlorella pyrenoidosa ist eine mikroskopische S\u00fc\u00dfwasseralge, die vor allem in Asien als wertvoller Beitrag zur Gesundheit gesch\u00e4tzt wird.<\/p>\n","protected":false},"excerpt":{"rendered":"<p>Melasan Chlorella Kapseln 120 Stk. eignen sich f\u00fcr die gezielte kurzfristige Zufuhr von wertvollen N\u00e4hrstoffen, zur Steigerung der B12-Zufuhr bei Personen mit \u00fcberwiegend vegetarischer oder veganer Ern\u00e4hrung und bei \u00e4lteren Menschen. Chlorella pyrenoidosa ist eine mikroskopische S\u00fc\u00dfwasseralge, die vor allem in Asien als wertvoller Beitrag zur Gesundheit gesch\u00e4tzt wird.<\/p>\n","protected":false},"featured_media":15980,"template":"","meta":{"_acf_changed":false},"product_brand":[373],"product_cat":[800],"product_tag":[],"class_list":{"0":"post-15978","1":"product","2":"type-product","3":"status-publish","4":"has-post-thumbnail","6":"product_brand-melasan","7":"product_cat-m","8":"pa_packungsgroesse-120-stueck","10":"first","11":"instock","12":"shipping-taxable","13":"purchasable","14":"product-type-simple"},"acf":[],"_links":{"self":[{"href":"https:\/\/www.ernstbrunn-apotheke.at\/katalog\/wp-json\/wp\/v2\/product\/15978","targetHints":{"allow":["GET"]}}],"collection":[{"href":"https:\/\/www.ernstbrunn-apotheke.at\/katalog\/wp-json\/wp\/v2\/product"}],"about":[{"href":"https:\/\/www.ernstbrunn-apotheke.at\/katalog\/wp-json\/wp\/v2\/types\/product"}],"wp:featuredmedia":[{"embeddable":true,"href":"https:\/\/www.ernstbrunn-apotheke.at\/katalog\/wp-json\/wp\/v2\/media\/15980"}],"wp:attachment":[{"href":"https:\/\/www.ernstbrunn-apotheke.at\/katalog\/wp-json\/wp\/v2\/media?parent=15978"}],"wp:term":[{"taxonomy":"product_brand","embeddable":true,"href":"https:\/\/www.ernstbrunn-apotheke.at\/katalog\/wp-json\/wp\/v2\/product_brand?post=15978"},{"taxonomy":"product_cat","embeddable":true,"href":"https:\/\/www.ernstbrunn-apotheke.at\/katalog\/wp-json\/wp\/v2\/product_cat?post=15978"},{"taxonomy":"product_tag","embeddable":true,"href":"https:\/\/www.ernstbrunn-apotheke.at\/katalog\/wp-json\/wp\/v2\/product_tag?post=15978"}],"curies":[{"name":"wp","href":"https:\/\/api.w.org\/{rel}","templated":true}]}}