{"id":159582,"date":"2025-11-17T19:58:32","date_gmt":"2025-11-17T18:58:32","guid":{"rendered":"https:\/\/www.ernstbrunn-apotheke.at\/katalog\/produkt\/burgerstein-osteovital-forte-tabletten-120-stk\/"},"modified":"2025-12-09T11:41:03","modified_gmt":"2025-12-09T10:41:03","slug":"burgerstein-osteovital-forte-tabletten-120-stk","status":"publish","type":"product","link":"https:\/\/www.ernstbrunn-apotheke.at\/katalog\/produkt\/burgerstein-osteovital-forte-tabletten-120-stk\/","title":{"rendered":"Burgerstein OsteoVital Forte Tabletten 120 Stk."},"content":{"rendered":"<p>Burgerstein OsteoVital Forte Tabletten enthalten Kalzium aus pflanzlicher Quelle sowie besonders gut bioverf\u00fcgbares Vitamin K2. Die enthaltenen Inhaltsstoffe Kalzium und Magnesium werden f\u00fcr die Erhaltung normaler Knochen und Z\u00e4hne ben\u00f6tigt und sind somit wichtige Bausteine.<\/p>\n","protected":false},"excerpt":{"rendered":"<p>Burgerstein OsteoVital Forte Tabletten enthalten Kalzium aus pflanzlicher Quelle sowie besonders gut bioverf\u00fcgbares Vitamin K2. Die enthaltenen Inhaltsstoffe Kalzium und Magnesium werden f\u00fcr die Erhaltung normaler Knochen und Z\u00e4hne ben\u00f6tigt und sind somit wichtige Bausteine.<\/p>\n","protected":false},"featured_media":0,"template":"","meta":{"_acf_changed":false},"product_brand":[],"product_cat":[802],"product_tag":[],"class_list":{"0":"post-159582","1":"product","2":"type-product","3":"status-publish","5":"product_cat-b","6":"pa_packungsgroesse-120-stueck","8":"first","9":"instock","10":"shipping-taxable","11":"purchasable","12":"product-type-simple"},"acf":[],"_links":{"self":[{"href":"https:\/\/www.ernstbrunn-apotheke.at\/katalog\/wp-json\/wp\/v2\/product\/159582","targetHints":{"allow":["GET"]}}],"collection":[{"href":"https:\/\/www.ernstbrunn-apotheke.at\/katalog\/wp-json\/wp\/v2\/product"}],"about":[{"href":"https:\/\/www.ernstbrunn-apotheke.at\/katalog\/wp-json\/wp\/v2\/types\/product"}],"wp:attachment":[{"href":"https:\/\/www.ernstbrunn-apotheke.at\/katalog\/wp-json\/wp\/v2\/media?parent=159582"}],"wp:term":[{"taxonomy":"product_brand","embeddable":true,"href":"https:\/\/www.ernstbrunn-apotheke.at\/katalog\/wp-json\/wp\/v2\/product_brand?post=159582"},{"taxonomy":"product_cat","embeddable":true,"href":"https:\/\/www.ernstbrunn-apotheke.at\/katalog\/wp-json\/wp\/v2\/product_cat?post=159582"},{"taxonomy":"product_tag","embeddable":true,"href":"https:\/\/www.ernstbrunn-apotheke.at\/katalog\/wp-json\/wp\/v2\/product_tag?post=159582"}],"curies":[{"name":"wp","href":"https:\/\/api.w.org\/{rel}","templated":true}]}}