{"id":159530,"date":"2025-11-17T19:57:04","date_gmt":"2025-11-17T18:57:04","guid":{"rendered":"https:\/\/www.ernstbrunn-apotheke.at\/katalog\/produkt\/omni-biotic-hetox-sachets-7-x-6-g\/"},"modified":"2025-12-09T11:40:55","modified_gmt":"2025-12-09T10:40:55","slug":"omni-biotic-hetox-sachets-7-x-6-g","status":"publish","type":"product","link":"https:\/\/www.ernstbrunn-apotheke.at\/katalog\/produkt\/omni-biotic-hetox-sachets-7-x-6-g\/","title":{"rendered":"OMNi-BiOTiC Hetox Sachets 7 x 6 g"},"content":{"rendered":"<p>OMNi-BiOTiC Sachet Hetox &#8211; Um die gefriergetrockneten Darmsymbionten vor der Einnahme optimal zu aktivieren, wurde diese Multispezies-Mischung mit einer speziellen Matrix angereichert (bestehend aus Mineralstoffen, Amylasen und Pflanzenprotein). Diese Matrix erh\u00f6ht die Aktivit\u00e4t, die Vermehrungsf\u00e4higkeit, sowie die Resistenz der ausgew\u00e4hlten Mikroorganismen gegen Verdauungss\u00e4fte (Magen- und Gallens\u00e4uren sowie Pankreassekret).Die Lebens- und Vermehrungsf\u00e4higkeit sowie die angegebene Keimzahl der Bakterien werden bis zum Mindesthaltbarkeitsdatum garantiert.<\/p>\n","protected":false},"excerpt":{"rendered":"<p>OMNi-BiOTiC Sachet Hetox &#8211; Um die gefriergetrockneten Darmsymbionten vor der Einnahme optimal zu aktivieren, wurde diese Multispezies-Mischung mit einer speziellen Matrix angereichert (bestehend aus Mineralstoffen, Amylasen und Pflanzenprotein). Diese Matrix erh\u00f6ht die Aktivit\u00e4t, die Vermehrungsf\u00e4higkeit, sowie die Resistenz der ausgew\u00e4hlten Mikroorganismen gegen Verdauungss\u00e4fte (Magen- und Gallens\u00e4uren sowie Pankreassekret).Die Lebens- und Vermehrungsf\u00e4higkeit sowie die angegebene Keimzahl [&hellip;]<\/p>\n","protected":false},"featured_media":159532,"template":"","meta":{"_acf_changed":false},"product_brand":[832],"product_cat":[819],"product_tag":[],"class_list":{"0":"post-159530","1":"product","2":"type-product","3":"status-publish","4":"has-post-thumbnail","6":"product_brand-omni-biotic","7":"product_cat-o","8":"pa_packungsgroesse-7-stueck","10":"first","11":"instock","12":"shipping-taxable","13":"purchasable","14":"product-type-simple"},"acf":[],"_links":{"self":[{"href":"https:\/\/www.ernstbrunn-apotheke.at\/katalog\/wp-json\/wp\/v2\/product\/159530","targetHints":{"allow":["GET"]}}],"collection":[{"href":"https:\/\/www.ernstbrunn-apotheke.at\/katalog\/wp-json\/wp\/v2\/product"}],"about":[{"href":"https:\/\/www.ernstbrunn-apotheke.at\/katalog\/wp-json\/wp\/v2\/types\/product"}],"wp:featuredmedia":[{"embeddable":true,"href":"https:\/\/www.ernstbrunn-apotheke.at\/katalog\/wp-json\/wp\/v2\/media\/159532"}],"wp:attachment":[{"href":"https:\/\/www.ernstbrunn-apotheke.at\/katalog\/wp-json\/wp\/v2\/media?parent=159530"}],"wp:term":[{"taxonomy":"product_brand","embeddable":true,"href":"https:\/\/www.ernstbrunn-apotheke.at\/katalog\/wp-json\/wp\/v2\/product_brand?post=159530"},{"taxonomy":"product_cat","embeddable":true,"href":"https:\/\/www.ernstbrunn-apotheke.at\/katalog\/wp-json\/wp\/v2\/product_cat?post=159530"},{"taxonomy":"product_tag","embeddable":true,"href":"https:\/\/www.ernstbrunn-apotheke.at\/katalog\/wp-json\/wp\/v2\/product_tag?post=159530"}],"curies":[{"name":"wp","href":"https:\/\/api.w.org\/{rel}","templated":true}]}}