{"id":15940,"date":"2025-11-07T18:16:41","date_gmt":"2025-11-07T17:16:41","guid":{"rendered":"https:\/\/www.ernstbrunn-apotheke.at\/katalog\/produkt\/propomille-propolis-spray-20-ml\/"},"modified":"2025-12-08T13:53:27","modified_gmt":"2025-12-08T12:53:27","slug":"propomille-propolis-spray-20-ml","status":"publish","type":"product","link":"https:\/\/www.ernstbrunn-apotheke.at\/katalog\/produkt\/propomille-propolis-spray-20-ml\/","title":{"rendered":"Propomille Propolis Spray 20 ml"},"content":{"rendered":"<p>Propomille Propolis Spray ist eine Propolis-Kamillen-Tinktur zur Anwendung in der Mundh\u00f6hle und auf der Haut. Wohltuend bei Reizungen im Mund- und Rachenraum sowie bei Irritationen des Zahnfleisches. Optimal auch zur Pflege nach Insektenstichen oder bei leichtem Sonnenbrand. Mildert den Juckreiz und das Brennen auf der Haut.Der Microzerst\u00e4uber erm\u00f6glicht ein wohldosiertes Auftragen der Naturstoffe. Beim Aufspr\u00fchen bildet sich auf der Mundschleimhaut ein best\u00e4ndiger Propolisfilm. Auf der Haut entsteht eine Microschicht mit aromatischem Propolisgeruch..<\/p>\n","protected":false},"excerpt":{"rendered":"<p>Propomille Propolis Spray ist eine Propolis-Kamillen-Tinktur zur Anwendung in der Mundh\u00f6hle und auf der Haut. Wohltuend bei Reizungen im Mund- und Rachenraum sowie bei Irritationen des Zahnfleisches. Optimal auch zur Pflege nach Insektenstichen oder bei leichtem Sonnenbrand. Mildert den Juckreiz und das Brennen auf der Haut.Der Microzerst\u00e4uber erm\u00f6glicht ein wohldosiertes Auftragen der Naturstoffe. Beim Aufspr\u00fchen [&hellip;]<\/p>\n","protected":false},"featured_media":15942,"template":"","meta":{"_acf_changed":false},"product_brand":[],"product_cat":[793],"product_tag":[],"class_list":{"0":"post-15940","1":"product","2":"type-product","3":"status-publish","4":"has-post-thumbnail","6":"product_cat-p","7":"pa_packungsgroesse-20ml","9":"first","10":"instock","11":"shipping-taxable","12":"purchasable","13":"product-type-simple"},"acf":[],"_links":{"self":[{"href":"https:\/\/www.ernstbrunn-apotheke.at\/katalog\/wp-json\/wp\/v2\/product\/15940","targetHints":{"allow":["GET"]}}],"collection":[{"href":"https:\/\/www.ernstbrunn-apotheke.at\/katalog\/wp-json\/wp\/v2\/product"}],"about":[{"href":"https:\/\/www.ernstbrunn-apotheke.at\/katalog\/wp-json\/wp\/v2\/types\/product"}],"wp:featuredmedia":[{"embeddable":true,"href":"https:\/\/www.ernstbrunn-apotheke.at\/katalog\/wp-json\/wp\/v2\/media\/15942"}],"wp:attachment":[{"href":"https:\/\/www.ernstbrunn-apotheke.at\/katalog\/wp-json\/wp\/v2\/media?parent=15940"}],"wp:term":[{"taxonomy":"product_brand","embeddable":true,"href":"https:\/\/www.ernstbrunn-apotheke.at\/katalog\/wp-json\/wp\/v2\/product_brand?post=15940"},{"taxonomy":"product_cat","embeddable":true,"href":"https:\/\/www.ernstbrunn-apotheke.at\/katalog\/wp-json\/wp\/v2\/product_cat?post=15940"},{"taxonomy":"product_tag","embeddable":true,"href":"https:\/\/www.ernstbrunn-apotheke.at\/katalog\/wp-json\/wp\/v2\/product_tag?post=15940"}],"curies":[{"name":"wp","href":"https:\/\/api.w.org\/{rel}","templated":true}]}}