{"id":159356,"date":"2025-11-17T19:53:11","date_gmt":"2025-11-17T18:53:11","guid":{"rendered":"https:\/\/www.ernstbrunn-apotheke.at\/katalog\/produkt\/zeinpharma-myo-inositol-500-mg-kapseln-180-stk\/"},"modified":"2025-12-09T11:40:23","modified_gmt":"2025-12-09T10:40:23","slug":"zeinpharma-myo-inositol-500-mg-kapseln-180-stk","status":"publish","type":"product","link":"https:\/\/www.ernstbrunn-apotheke.at\/katalog\/produkt\/zeinpharma-myo-inositol-500-mg-kapseln-180-stk\/","title":{"rendered":"ZeinPharma Myo-Inositol 500 mg Kapseln 180 Stk."},"content":{"rendered":"<p>ZeinPharme Myo-Inositol 500 mg Kapseln stellen Ihnen eine exzellente Quelle f\u00fcr Inositol bereit: Jede Kapsel enth\u00e4lt 500 mg reines Myo-Inositol. Die Myo-Inositol Kapseln werden auf nat\u00fcrlicher Basis hergestellt und sind von h\u00f6chster Qualit\u00e4t.<\/p>\n","protected":false},"excerpt":{"rendered":"<p>ZeinPharme Myo-Inositol 500 mg Kapseln stellen Ihnen eine exzellente Quelle f\u00fcr Inositol bereit: Jede Kapsel enth\u00e4lt 500 mg reines Myo-Inositol. Die Myo-Inositol Kapseln werden auf nat\u00fcrlicher Basis hergestellt und sind von h\u00f6chster Qualit\u00e4t.<\/p>\n","protected":false},"featured_media":159358,"template":"","meta":{"_acf_changed":false},"product_brand":[],"product_cat":[803],"product_tag":[],"class_list":{"0":"post-159356","1":"product","2":"type-product","3":"status-publish","4":"has-post-thumbnail","6":"product_cat-z","7":"pa_packungsgroesse-180-stueck","9":"first","10":"instock","11":"shipping-taxable","12":"purchasable","13":"product-type-simple"},"acf":[],"_links":{"self":[{"href":"https:\/\/www.ernstbrunn-apotheke.at\/katalog\/wp-json\/wp\/v2\/product\/159356","targetHints":{"allow":["GET"]}}],"collection":[{"href":"https:\/\/www.ernstbrunn-apotheke.at\/katalog\/wp-json\/wp\/v2\/product"}],"about":[{"href":"https:\/\/www.ernstbrunn-apotheke.at\/katalog\/wp-json\/wp\/v2\/types\/product"}],"wp:featuredmedia":[{"embeddable":true,"href":"https:\/\/www.ernstbrunn-apotheke.at\/katalog\/wp-json\/wp\/v2\/media\/159358"}],"wp:attachment":[{"href":"https:\/\/www.ernstbrunn-apotheke.at\/katalog\/wp-json\/wp\/v2\/media?parent=159356"}],"wp:term":[{"taxonomy":"product_brand","embeddable":true,"href":"https:\/\/www.ernstbrunn-apotheke.at\/katalog\/wp-json\/wp\/v2\/product_brand?post=159356"},{"taxonomy":"product_cat","embeddable":true,"href":"https:\/\/www.ernstbrunn-apotheke.at\/katalog\/wp-json\/wp\/v2\/product_cat?post=159356"},{"taxonomy":"product_tag","embeddable":true,"href":"https:\/\/www.ernstbrunn-apotheke.at\/katalog\/wp-json\/wp\/v2\/product_tag?post=159356"}],"curies":[{"name":"wp","href":"https:\/\/api.w.org\/{rel}","templated":true}]}}