{"id":159247,"date":"2025-11-17T19:50:58","date_gmt":"2025-11-17T18:50:58","guid":{"rendered":"https:\/\/www.ernstbrunn-apotheke.at\/katalog\/produkt\/gall-pharma-meerrettich-kapseln-400mg-90-stk\/"},"modified":"2025-12-09T11:39:58","modified_gmt":"2025-12-09T10:39:58","slug":"gall-pharma-meerrettich-kapseln-400mg-90-stk","status":"publish","type":"product","link":"https:\/\/www.ernstbrunn-apotheke.at\/katalog\/produkt\/gall-pharma-meerrettich-kapseln-400mg-90-stk\/","title":{"rendered":"Gall Pharma Meerrettich Kapseln 400mg 90 Stk."},"content":{"rendered":"<p>Meerrettich 400 mg GPH Kapseln k\u00f6nnen die Abwehrkr\u00e4fte des Organismus st\u00e4rken und zur Gesunderhaltung des Atmungssystems beitragen. Diese Eigenschaft kann man sich bei Erk\u00e4ltungen speziell im Bereich der Atemwege zunutze machen. Traditionell wird Meerrettich auch als verdauungsf\u00f6rderndes Mittel eingesetzt.<\/p>\n","protected":false},"excerpt":{"rendered":"<p>Meerrettich 400 mg GPH Kapseln k\u00f6nnen die Abwehrkr\u00e4fte des Organismus st\u00e4rken und zur Gesunderhaltung des Atmungssystems beitragen. Diese Eigenschaft kann man sich bei Erk\u00e4ltungen speziell im Bereich der Atemwege zunutze machen. Traditionell wird Meerrettich auch als verdauungsf\u00f6rderndes Mittel eingesetzt.<\/p>\n","protected":false},"featured_media":0,"template":"","meta":{"_acf_changed":false},"product_brand":[],"product_cat":[810],"product_tag":[],"class_list":{"0":"post-159247","1":"product","2":"type-product","3":"status-publish","5":"product_cat-g","6":"pa_packungsgroesse-90-stueck","8":"first","9":"instock","10":"shipping-taxable","11":"purchasable","12":"product-type-simple"},"acf":[],"_links":{"self":[{"href":"https:\/\/www.ernstbrunn-apotheke.at\/katalog\/wp-json\/wp\/v2\/product\/159247","targetHints":{"allow":["GET"]}}],"collection":[{"href":"https:\/\/www.ernstbrunn-apotheke.at\/katalog\/wp-json\/wp\/v2\/product"}],"about":[{"href":"https:\/\/www.ernstbrunn-apotheke.at\/katalog\/wp-json\/wp\/v2\/types\/product"}],"wp:attachment":[{"href":"https:\/\/www.ernstbrunn-apotheke.at\/katalog\/wp-json\/wp\/v2\/media?parent=159247"}],"wp:term":[{"taxonomy":"product_brand","embeddable":true,"href":"https:\/\/www.ernstbrunn-apotheke.at\/katalog\/wp-json\/wp\/v2\/product_brand?post=159247"},{"taxonomy":"product_cat","embeddable":true,"href":"https:\/\/www.ernstbrunn-apotheke.at\/katalog\/wp-json\/wp\/v2\/product_cat?post=159247"},{"taxonomy":"product_tag","embeddable":true,"href":"https:\/\/www.ernstbrunn-apotheke.at\/katalog\/wp-json\/wp\/v2\/product_tag?post=159247"}],"curies":[{"name":"wp","href":"https:\/\/api.w.org\/{rel}","templated":true}]}}