{"id":159133,"date":"2025-11-17T19:47:23","date_gmt":"2025-11-17T18:47:23","guid":{"rendered":"https:\/\/www.ernstbrunn-apotheke.at\/katalog\/produkt\/maca-41-l-arginin-kapseln-240-stk\/"},"modified":"2025-12-09T11:39:38","modified_gmt":"2025-12-09T10:39:38","slug":"maca-41-l-arginin-kapseln-240-stk","status":"publish","type":"product","link":"https:\/\/www.ernstbrunn-apotheke.at\/katalog\/produkt\/maca-41-l-arginin-kapseln-240-stk\/","title":{"rendered":"Maca 4:1 + L-Arginin Kapseln 240 Stk."},"content":{"rendered":"<p>Maca 4:1 + L-Arginin Kapseln enth\u00e4lt die sogenannte Maca-Wurzel, welches wohl das vielseitigste Superfood der Welt ist. Wie man es noch besser macht? Durch Anreicherung mit L-Arginin, den Vitaminen C, B6 und B12 und dem Spurenelement Zink. Zusammen kann die Kombination Ihre Vitalit\u00e4t und Ihr Immunsystem unterst\u00fctzen und freie Radikale bek\u00e4mpfen.<\/p>\n","protected":false},"excerpt":{"rendered":"<p>Maca 4:1 + L-Arginin Kapseln enth\u00e4lt die sogenannte Maca-Wurzel, welches wohl das vielseitigste Superfood der Welt ist. Wie man es noch besser macht? Durch Anreicherung mit L-Arginin, den Vitaminen C, B6 und B12 und dem Spurenelement Zink. Zusammen kann die Kombination Ihre Vitalit\u00e4t und Ihr Immunsystem unterst\u00fctzen und freie Radikale bek\u00e4mpfen.<\/p>\n","protected":false},"featured_media":159135,"template":"","meta":{"_acf_changed":false},"product_brand":[],"product_cat":[800],"product_tag":[],"class_list":{"0":"post-159133","1":"product","2":"type-product","3":"status-publish","4":"has-post-thumbnail","6":"product_cat-m","7":"pa_packungsgroesse-240-stueck","9":"first","10":"instock","11":"shipping-taxable","12":"purchasable","13":"product-type-simple"},"acf":[],"_links":{"self":[{"href":"https:\/\/www.ernstbrunn-apotheke.at\/katalog\/wp-json\/wp\/v2\/product\/159133","targetHints":{"allow":["GET"]}}],"collection":[{"href":"https:\/\/www.ernstbrunn-apotheke.at\/katalog\/wp-json\/wp\/v2\/product"}],"about":[{"href":"https:\/\/www.ernstbrunn-apotheke.at\/katalog\/wp-json\/wp\/v2\/types\/product"}],"wp:featuredmedia":[{"embeddable":true,"href":"https:\/\/www.ernstbrunn-apotheke.at\/katalog\/wp-json\/wp\/v2\/media\/159135"}],"wp:attachment":[{"href":"https:\/\/www.ernstbrunn-apotheke.at\/katalog\/wp-json\/wp\/v2\/media?parent=159133"}],"wp:term":[{"taxonomy":"product_brand","embeddable":true,"href":"https:\/\/www.ernstbrunn-apotheke.at\/katalog\/wp-json\/wp\/v2\/product_brand?post=159133"},{"taxonomy":"product_cat","embeddable":true,"href":"https:\/\/www.ernstbrunn-apotheke.at\/katalog\/wp-json\/wp\/v2\/product_cat?post=159133"},{"taxonomy":"product_tag","embeddable":true,"href":"https:\/\/www.ernstbrunn-apotheke.at\/katalog\/wp-json\/wp\/v2\/product_tag?post=159133"}],"curies":[{"name":"wp","href":"https:\/\/api.w.org\/{rel}","templated":true}]}}