{"id":159025,"date":"2025-11-17T19:44:50","date_gmt":"2025-11-17T18:44:50","guid":{"rendered":"https:\/\/www.ernstbrunn-apotheke.at\/katalog\/produkt\/zeinpharma-l-theanin-250-mg-kapseln-90-stk\/"},"modified":"2025-12-09T11:39:15","modified_gmt":"2025-12-09T10:39:15","slug":"zeinpharma-l-theanin-250-mg-kapseln-90-stk","status":"publish","type":"product","link":"https:\/\/www.ernstbrunn-apotheke.at\/katalog\/produkt\/zeinpharma-l-theanin-250-mg-kapseln-90-stk\/","title":{"rendered":"ZeinPharma L-Theanin 250 mg Kapseln 90 Stk."},"content":{"rendered":"<p>ZeinPharma L-Theanin 250 mg Kapseln entspannen ohne m\u00fcde zu machen und sind au\u00dferdem reich an nat\u00fcrlichen L-Theanin und Polyphenolen. Es beinhaltet Gr\u00fcntee-Extrakt aus kontrollierten Anbau und ist sowohl f\u00fcr Vegetrier, als auch Veganer geeignet.<\/p>\n","protected":false},"excerpt":{"rendered":"<p>ZeinPharma L-Theanin 250 mg Kapseln entspannen ohne m\u00fcde zu machen und sind au\u00dferdem reich an nat\u00fcrlichen L-Theanin und Polyphenolen. Es beinhaltet Gr\u00fcntee-Extrakt aus kontrollierten Anbau und ist sowohl f\u00fcr Vegetrier, als auch Veganer geeignet.<\/p>\n","protected":false},"featured_media":159027,"template":"","meta":{"_acf_changed":false},"product_brand":[],"product_cat":[803],"product_tag":[],"class_list":{"0":"post-159025","1":"product","2":"type-product","3":"status-publish","4":"has-post-thumbnail","6":"product_cat-z","7":"pa_packungsgroesse-90-stueck","9":"first","10":"instock","11":"shipping-taxable","12":"purchasable","13":"product-type-simple"},"acf":[],"_links":{"self":[{"href":"https:\/\/www.ernstbrunn-apotheke.at\/katalog\/wp-json\/wp\/v2\/product\/159025","targetHints":{"allow":["GET"]}}],"collection":[{"href":"https:\/\/www.ernstbrunn-apotheke.at\/katalog\/wp-json\/wp\/v2\/product"}],"about":[{"href":"https:\/\/www.ernstbrunn-apotheke.at\/katalog\/wp-json\/wp\/v2\/types\/product"}],"wp:featuredmedia":[{"embeddable":true,"href":"https:\/\/www.ernstbrunn-apotheke.at\/katalog\/wp-json\/wp\/v2\/media\/159027"}],"wp:attachment":[{"href":"https:\/\/www.ernstbrunn-apotheke.at\/katalog\/wp-json\/wp\/v2\/media?parent=159025"}],"wp:term":[{"taxonomy":"product_brand","embeddable":true,"href":"https:\/\/www.ernstbrunn-apotheke.at\/katalog\/wp-json\/wp\/v2\/product_brand?post=159025"},{"taxonomy":"product_cat","embeddable":true,"href":"https:\/\/www.ernstbrunn-apotheke.at\/katalog\/wp-json\/wp\/v2\/product_cat?post=159025"},{"taxonomy":"product_tag","embeddable":true,"href":"https:\/\/www.ernstbrunn-apotheke.at\/katalog\/wp-json\/wp\/v2\/product_tag?post=159025"}],"curies":[{"name":"wp","href":"https:\/\/api.w.org\/{rel}","templated":true}]}}