{"id":159013,"date":"2025-11-17T19:44:50","date_gmt":"2025-11-17T18:44:50","guid":{"rendered":"https:\/\/www.ernstbrunn-apotheke.at\/katalog\/produkt\/burgerstein-l-lysin-500-mg-tabletten-90-stk\/"},"modified":"2025-12-09T11:39:14","modified_gmt":"2025-12-09T10:39:14","slug":"burgerstein-l-lysin-500-mg-tabletten-90-stk","status":"publish","type":"product","link":"https:\/\/www.ernstbrunn-apotheke.at\/katalog\/produkt\/burgerstein-l-lysin-500-mg-tabletten-90-stk\/","title":{"rendered":"Burgerstein L-Lysin 500 mg Tabletten 90 Stk."},"content":{"rendered":"<p><strong>Der Geheimtipp f\u00fcr jede Jahreszeit.<\/strong><\/p>\n<p>&#13;<\/p>\n<div>\u00a0<\/div>\n<p>&#13;<\/p>\n<div>L-Lysin ist eine unverzichtbare Aminos\u00e4ure, welche der K\u00f6rper nicht selbst produzieren kann und daher \u00fcber die Nahrung aufgenommen werden muss. Als Gegenspieler von L-Arginin ist L-Lysin f\u00fcr das Wachstum und die Immunfunktion von gro\u00dfer Bedeutung. Ein Mangel an L-Lysin kann zu Wachstumsst\u00f6rungen und einer geschw\u00e4chten Immunfunktion f\u00fchren.<\/div>\n<p>&#13;<\/p>\n<div>\u00a0<\/div>\n<p>&#13;<\/p>\n<div>F\u00fcr Veganer gestaltet sich die Deckung des Lysin-Bedarfs schwieriger, da diese Aminos\u00e4ure haupts\u00e4chlich in tierischen Produkten enthalten ist. Zudem sollten Menschen, die auf nat\u00fcrliche Mineralquellen setzen, beachten, dass einige davon auch reich an Arginin sind.<\/div>\n<p>&#13;<\/p>\n<div>\u00a0<\/div>\n<p>&#13;<\/p>\n<div>Ein starkes Immunsystem ist ein wichtiger Schutz gegen Fieberblasen. Eine ausgewogene Ern\u00e4hrung, moderate sportliche Bet\u00e4tigung, ausreichender Schlaf sowie der Verzicht auf Alkohol und Zigaretten tragen dazu bei. Psychische Belastungen und Stress, welche das Risiko von Fieberblasen erh\u00f6hen k\u00f6nnen, sollten vermieden werden.<\/div>\n","protected":false},"excerpt":{"rendered":"<p>Der Geheimtipp f\u00fcr jede Jahreszeit. &#13; \u00a0 &#13; L-Lysin ist eine unverzichtbare Aminos\u00e4ure, welche der K\u00f6rper nicht selbst produzieren kann und daher \u00fcber die Nahrung aufgenommen werden muss. Als Gegenspieler von L-Arginin ist L-Lysin f\u00fcr das Wachstum und die Immunfunktion von gro\u00dfer Bedeutung. Ein Mangel an L-Lysin kann zu Wachstumsst\u00f6rungen und einer geschw\u00e4chten Immunfunktion f\u00fchren. [&hellip;]<\/p>\n","protected":false},"featured_media":0,"template":"","meta":{"_acf_changed":false},"product_brand":[],"product_cat":[802],"product_tag":[],"class_list":{"0":"post-159013","1":"product","2":"type-product","3":"status-publish","5":"product_cat-b","6":"pa_packungsgroesse-90-stueck","8":"first","9":"instock","10":"shipping-taxable","11":"purchasable","12":"product-type-simple"},"acf":[],"_links":{"self":[{"href":"https:\/\/www.ernstbrunn-apotheke.at\/katalog\/wp-json\/wp\/v2\/product\/159013","targetHints":{"allow":["GET"]}}],"collection":[{"href":"https:\/\/www.ernstbrunn-apotheke.at\/katalog\/wp-json\/wp\/v2\/product"}],"about":[{"href":"https:\/\/www.ernstbrunn-apotheke.at\/katalog\/wp-json\/wp\/v2\/types\/product"}],"wp:attachment":[{"href":"https:\/\/www.ernstbrunn-apotheke.at\/katalog\/wp-json\/wp\/v2\/media?parent=159013"}],"wp:term":[{"taxonomy":"product_brand","embeddable":true,"href":"https:\/\/www.ernstbrunn-apotheke.at\/katalog\/wp-json\/wp\/v2\/product_brand?post=159013"},{"taxonomy":"product_cat","embeddable":true,"href":"https:\/\/www.ernstbrunn-apotheke.at\/katalog\/wp-json\/wp\/v2\/product_cat?post=159013"},{"taxonomy":"product_tag","embeddable":true,"href":"https:\/\/www.ernstbrunn-apotheke.at\/katalog\/wp-json\/wp\/v2\/product_tag?post=159013"}],"curies":[{"name":"wp","href":"https:\/\/api.w.org\/{rel}","templated":true}]}}