{"id":158718,"date":"2025-11-17T18:33:51","date_gmt":"2025-11-17T17:33:51","guid":{"rendered":"https:\/\/www.ernstbrunn-apotheke.at\/katalog\/produkt\/st-severin-holunderbeeren-tropfen\/"},"modified":"2025-12-09T11:37:56","modified_gmt":"2025-12-09T10:37:56","slug":"st-severin-holunderbeeren-tropfen","status":"publish","type":"product","link":"https:\/\/www.ernstbrunn-apotheke.at\/katalog\/produkt\/st-severin-holunderbeeren-tropfen\/","title":{"rendered":"St. Severin Holunderbeeren Tropfen"},"content":{"rendered":"<p>Produktbeschreibung:<\/p>\n<p>Bei Bedarf 2 \u2013 3 x 1 \u2013 2 Spr\u00fchst\u00f6\u00dfe direkt in den Mund spr\u00fchen.Der Schwarze Holunder (Sambucus nigra) z\u00e4hlt zu der Familie der Moschuskraut gew\u00e4chse (Adoxaceae). Der Holunder ist in der Volksmedizin ein lange gesch\u00e4tztes Heilmittel. Nicht nur die Holunderbl\u00fcte, sondern auch die Holunderbeeren kom men zum Einsatz. Diese werden in der Volksmedizin bei Verstopfung, zur vermehr ten Harnausscheidung und wie die Holunderbl\u00fcten als schwei\u00dftreibendes Mittel eingesetzt.<\/p>\n<p>Zusammensetzung:<\/p>\n<p>Holunderbeerspray enth\u00e4lt einen hochwertigen w\u00e4ssrig\/alkoholischen Auszug aus Holunderbeeren, hergestellt laut Arzneibuch. Alkoholgehalt: 66 % Vol<\/p>\n","protected":false},"excerpt":{"rendered":"<p>Produktbeschreibung: Bei Bedarf 2 \u2013 3 x 1 \u2013 2 Spr\u00fchst\u00f6\u00dfe direkt in den Mund spr\u00fchen.Der Schwarze Holunder (Sambucus nigra) z\u00e4hlt zu der Familie der Moschuskraut gew\u00e4chse (Adoxaceae). Der Holunder ist in der Volksmedizin ein lange gesch\u00e4tztes Heilmittel. Nicht nur die Holunderbl\u00fcte, sondern auch die Holunderbeeren kom men zum Einsatz. Diese werden in der Volksmedizin [&hellip;]<\/p>\n","protected":false},"featured_media":158720,"template":"","meta":{"_acf_changed":false},"product_brand":[435],"product_cat":[791],"product_tag":[],"class_list":{"0":"post-158718","1":"product","2":"type-product","3":"status-publish","4":"has-post-thumbnail","6":"product_brand-st-severin","7":"product_cat-s","8":"pa_packungsgroesse-100ml","10":"first","11":"instock","12":"shipping-taxable","13":"purchasable","14":"product-type-simple"},"acf":[],"_links":{"self":[{"href":"https:\/\/www.ernstbrunn-apotheke.at\/katalog\/wp-json\/wp\/v2\/product\/158718","targetHints":{"allow":["GET"]}}],"collection":[{"href":"https:\/\/www.ernstbrunn-apotheke.at\/katalog\/wp-json\/wp\/v2\/product"}],"about":[{"href":"https:\/\/www.ernstbrunn-apotheke.at\/katalog\/wp-json\/wp\/v2\/types\/product"}],"wp:featuredmedia":[{"embeddable":true,"href":"https:\/\/www.ernstbrunn-apotheke.at\/katalog\/wp-json\/wp\/v2\/media\/158720"}],"wp:attachment":[{"href":"https:\/\/www.ernstbrunn-apotheke.at\/katalog\/wp-json\/wp\/v2\/media?parent=158718"}],"wp:term":[{"taxonomy":"product_brand","embeddable":true,"href":"https:\/\/www.ernstbrunn-apotheke.at\/katalog\/wp-json\/wp\/v2\/product_brand?post=158718"},{"taxonomy":"product_cat","embeddable":true,"href":"https:\/\/www.ernstbrunn-apotheke.at\/katalog\/wp-json\/wp\/v2\/product_cat?post=158718"},{"taxonomy":"product_tag","embeddable":true,"href":"https:\/\/www.ernstbrunn-apotheke.at\/katalog\/wp-json\/wp\/v2\/product_tag?post=158718"}],"curies":[{"name":"wp","href":"https:\/\/api.w.org\/{rel}","templated":true}]}}