{"id":158669,"date":"2025-11-17T18:32:57","date_gmt":"2025-11-17T17:32:57","guid":{"rendered":"https:\/\/www.ernstbrunn-apotheke.at\/katalog\/produkt\/hallo-ich-bin-spirulina-kapseln-80-stk\/"},"modified":"2025-12-09T11:37:43","modified_gmt":"2025-12-09T10:37:43","slug":"hallo-ich-bin-spirulina-kapseln-80-stk","status":"publish","type":"product","link":"https:\/\/www.ernstbrunn-apotheke.at\/katalog\/produkt\/hallo-ich-bin-spirulina-kapseln-80-stk\/","title":{"rendered":"hallo, ich bin Spirulina Kapseln 80 Stk."},"content":{"rendered":"<p>HALLO ICH BIN Spirulina Kapseln 80 Stk.: Spirulina ist ein sehr komplexer Mikroorganismus. Bereits die Azteken erkannten den Wert von Spirulina und haben die Algen bei starker Belastung in die Ern\u00e4hrung integriert, um eine schnelle Regeneration zu erreichen. Sie hat einen sehr hohen N\u00e4hrwert, denn sie enth\u00e4lt bis zu 70 % Proteine und damit auch alle essentiellen Aminos\u00e4uren sowie essentielle Fetts\u00e4uren und wichtige organische Mineralstoffe wie Eisen, Magnesium, Calcium, Phosphor und Kalium. Weiters sind die Vitamine Thiamin, Riboflavin, Niacin und Fols\u00e4ure, Vitamin E, K und B12 enthalten. Pflanzliches B12 ist speziell fu\u0308r Veganer interessant. Spirulina enth\u00e4lt eine gro\u00dfe Menge an Phycocyanin, einem stark antioxidativ wirksamen Pigment. Spirulina wird in geschlossenen Aquakulturen in \u00d6sterreich angebaut, geerntet und verarbeitet.<\/p>\n","protected":false},"excerpt":{"rendered":"<p>HALLO ICH BIN Spirulina Kapseln 80 Stk.: Spirulina ist ein sehr komplexer Mikroorganismus. Bereits die Azteken erkannten den Wert von Spirulina und haben die Algen bei starker Belastung in die Ern\u00e4hrung integriert, um eine schnelle Regeneration zu erreichen. Sie hat einen sehr hohen N\u00e4hrwert, denn sie enth\u00e4lt bis zu 70 % Proteine und damit auch [&hellip;]<\/p>\n","protected":false},"featured_media":0,"template":"","meta":{"_acf_changed":false},"product_brand":[1068],"product_cat":[805],"product_tag":[],"class_list":{"0":"post-158669","1":"product","2":"type-product","3":"status-publish","5":"product_brand-hallo-ich-bin","6":"product_cat-h","7":"pa_packungsgroesse-80-stueck","9":"first","10":"instock","11":"shipping-taxable","12":"purchasable","13":"product-type-simple"},"acf":[],"_links":{"self":[{"href":"https:\/\/www.ernstbrunn-apotheke.at\/katalog\/wp-json\/wp\/v2\/product\/158669","targetHints":{"allow":["GET"]}}],"collection":[{"href":"https:\/\/www.ernstbrunn-apotheke.at\/katalog\/wp-json\/wp\/v2\/product"}],"about":[{"href":"https:\/\/www.ernstbrunn-apotheke.at\/katalog\/wp-json\/wp\/v2\/types\/product"}],"wp:attachment":[{"href":"https:\/\/www.ernstbrunn-apotheke.at\/katalog\/wp-json\/wp\/v2\/media?parent=158669"}],"wp:term":[{"taxonomy":"product_brand","embeddable":true,"href":"https:\/\/www.ernstbrunn-apotheke.at\/katalog\/wp-json\/wp\/v2\/product_brand?post=158669"},{"taxonomy":"product_cat","embeddable":true,"href":"https:\/\/www.ernstbrunn-apotheke.at\/katalog\/wp-json\/wp\/v2\/product_cat?post=158669"},{"taxonomy":"product_tag","embeddable":true,"href":"https:\/\/www.ernstbrunn-apotheke.at\/katalog\/wp-json\/wp\/v2\/product_tag?post=158669"}],"curies":[{"name":"wp","href":"https:\/\/api.w.org\/{rel}","templated":true}]}}