{"id":158608,"date":"2025-11-17T18:31:36","date_gmt":"2025-11-17T17:31:36","guid":{"rendered":"https:\/\/www.ernstbrunn-apotheke.at\/katalog\/produkt\/st-severin-graviolafrucht-tropfen-2\/"},"modified":"2025-12-09T11:37:28","modified_gmt":"2025-12-09T10:37:28","slug":"st-severin-graviolafrucht-tropfen-2","status":"publish","type":"product","link":"https:\/\/www.ernstbrunn-apotheke.at\/katalog\/produkt\/st-severin-graviolafrucht-tropfen-2\/","title":{"rendered":"St. Severin Graviolafrucht Tropfen"},"content":{"rendered":"<p>Produktbeschreibung: Erwachsene: 3 x t\u00e4glich 20 Tropfen verd\u00fcnnt mit einem Glas Wasser einnehmen.Graviola, auch Stachelannone oder Guanabana genannt z\u00e4hlt zu den Annonenge w\u00e4chse (Annonaceae). Das Fruchtfleisch der Beere enth\u00e4lt neben Kalzium und Eisen auch viel Vitamin A und C. Anwendung finden die alkoholischen Zubereitungen der Graviolafrucht bei Leber-, Magen- und Darmleiden, aber auch Schlafst\u00f6rungen und Depressionen. Au\u00dferdem haben sie entz\u00fcndungshemmende, entkrampfende Eigenschaften, sowie positive Effekte auf den Cholesterinspiegel und Blutzucker.<\/p>\n<p>Zusammensetzung: Graviolafruchttropfen enthalten einen hochwertigen w\u00e4ssrig\/alkoholischen Auszug aus Graviolafr\u00fcchten, hergestellt laut Arzneibuch. Alkoholgehalt: 66 % Vol<\/p>\n","protected":false},"excerpt":{"rendered":"<p>Produktbeschreibung: Erwachsene: 3 x t\u00e4glich 20 Tropfen verd\u00fcnnt mit einem Glas Wasser einnehmen.Graviola, auch Stachelannone oder Guanabana genannt z\u00e4hlt zu den Annonenge w\u00e4chse (Annonaceae). Das Fruchtfleisch der Beere enth\u00e4lt neben Kalzium und Eisen auch viel Vitamin A und C. Anwendung finden die alkoholischen Zubereitungen der Graviolafrucht bei Leber-, Magen- und Darmleiden, aber auch Schlafst\u00f6rungen und [&hellip;]<\/p>\n","protected":false},"featured_media":158610,"template":"","meta":{"_acf_changed":false},"product_brand":[435],"product_cat":[791],"product_tag":[],"class_list":{"0":"post-158608","1":"product","2":"type-product","3":"status-publish","4":"has-post-thumbnail","6":"product_brand-st-severin","7":"product_cat-s","8":"pa_packungsgroesse-100ml","10":"first","11":"instock","12":"shipping-taxable","13":"purchasable","14":"product-type-simple"},"acf":[],"_links":{"self":[{"href":"https:\/\/www.ernstbrunn-apotheke.at\/katalog\/wp-json\/wp\/v2\/product\/158608","targetHints":{"allow":["GET"]}}],"collection":[{"href":"https:\/\/www.ernstbrunn-apotheke.at\/katalog\/wp-json\/wp\/v2\/product"}],"about":[{"href":"https:\/\/www.ernstbrunn-apotheke.at\/katalog\/wp-json\/wp\/v2\/types\/product"}],"wp:featuredmedia":[{"embeddable":true,"href":"https:\/\/www.ernstbrunn-apotheke.at\/katalog\/wp-json\/wp\/v2\/media\/158610"}],"wp:attachment":[{"href":"https:\/\/www.ernstbrunn-apotheke.at\/katalog\/wp-json\/wp\/v2\/media?parent=158608"}],"wp:term":[{"taxonomy":"product_brand","embeddable":true,"href":"https:\/\/www.ernstbrunn-apotheke.at\/katalog\/wp-json\/wp\/v2\/product_brand?post=158608"},{"taxonomy":"product_cat","embeddable":true,"href":"https:\/\/www.ernstbrunn-apotheke.at\/katalog\/wp-json\/wp\/v2\/product_cat?post=158608"},{"taxonomy":"product_tag","embeddable":true,"href":"https:\/\/www.ernstbrunn-apotheke.at\/katalog\/wp-json\/wp\/v2\/product_tag?post=158608"}],"curies":[{"name":"wp","href":"https:\/\/api.w.org\/{rel}","templated":true}]}}