{"id":158553,"date":"2025-11-17T18:30:27","date_gmt":"2025-11-17T17:30:27","guid":{"rendered":"https:\/\/www.ernstbrunn-apotheke.at\/katalog\/produkt\/st-severin-ginkgo-tropfen\/"},"modified":"2025-12-09T11:37:17","modified_gmt":"2025-12-09T10:37:17","slug":"st-severin-ginkgo-tropfen","status":"publish","type":"product","link":"https:\/\/www.ernstbrunn-apotheke.at\/katalog\/produkt\/st-severin-ginkgo-tropfen\/","title":{"rendered":"St. Severin Ginkgo Tropfen"},"content":{"rendered":"<p>Produktbeschreibung: Erwachsene: 3 x t\u00e4glich 20 Tropfen verd\u00fcnnt mit einem Glas Wasser einnehmen. Der Ginkgo (Ginkgo biloba L.) z\u00e4hlt zu den Ginkgogew\u00e4chsen (Ginkgoaceae). Zu den Inhaltsstoffen geh\u00f6ren Diterpene mit den Ginkgoliden A, B und C, die Sequi terpene mit der Substanz Bilobalid, die Flavonoide, organische S\u00e4uren und Gink gols\u00e4uren. Gingko weist im Laborversuch positive Effekte auf Nervenzellen auf und sch\u00fctzt vor sch\u00e4dlichen Einfl\u00fcssen. Anwendung findet Ginkgo daher bei Konzentrationsschw\u00e4che, Durchblutungsst\u00f6rungen, Schwindel, Ohrensausen (Tinnitus) und Ged\u00e4chtnisst\u00f6rungen.<\/p>\n<p>Zusammensetzung: Ginkgotropfen enthalten einen hochwertigen w\u00e4ssrig\/alkoholischen Auszug aus Ginkgobl\u00e4ttern, hergestellt laut Arzneibuch. Alkoholgehalt: 66 % Vol<\/p>\n","protected":false},"excerpt":{"rendered":"<p>Produktbeschreibung: Erwachsene: 3 x t\u00e4glich 20 Tropfen verd\u00fcnnt mit einem Glas Wasser einnehmen. Der Ginkgo (Ginkgo biloba L.) z\u00e4hlt zu den Ginkgogew\u00e4chsen (Ginkgoaceae). Zu den Inhaltsstoffen geh\u00f6ren Diterpene mit den Ginkgoliden A, B und C, die Sequi terpene mit der Substanz Bilobalid, die Flavonoide, organische S\u00e4uren und Gink gols\u00e4uren. Gingko weist im Laborversuch positive Effekte [&hellip;]<\/p>\n","protected":false},"featured_media":158555,"template":"","meta":{"_acf_changed":false},"product_brand":[435],"product_cat":[791],"product_tag":[],"class_list":{"0":"post-158553","1":"product","2":"type-product","3":"status-publish","4":"has-post-thumbnail","6":"product_brand-st-severin","7":"product_cat-s","8":"pa_packungsgroesse-100ml","10":"first","11":"instock","12":"shipping-taxable","13":"purchasable","14":"product-type-simple"},"acf":[],"_links":{"self":[{"href":"https:\/\/www.ernstbrunn-apotheke.at\/katalog\/wp-json\/wp\/v2\/product\/158553","targetHints":{"allow":["GET"]}}],"collection":[{"href":"https:\/\/www.ernstbrunn-apotheke.at\/katalog\/wp-json\/wp\/v2\/product"}],"about":[{"href":"https:\/\/www.ernstbrunn-apotheke.at\/katalog\/wp-json\/wp\/v2\/types\/product"}],"wp:featuredmedia":[{"embeddable":true,"href":"https:\/\/www.ernstbrunn-apotheke.at\/katalog\/wp-json\/wp\/v2\/media\/158555"}],"wp:attachment":[{"href":"https:\/\/www.ernstbrunn-apotheke.at\/katalog\/wp-json\/wp\/v2\/media?parent=158553"}],"wp:term":[{"taxonomy":"product_brand","embeddable":true,"href":"https:\/\/www.ernstbrunn-apotheke.at\/katalog\/wp-json\/wp\/v2\/product_brand?post=158553"},{"taxonomy":"product_cat","embeddable":true,"href":"https:\/\/www.ernstbrunn-apotheke.at\/katalog\/wp-json\/wp\/v2\/product_cat?post=158553"},{"taxonomy":"product_tag","embeddable":true,"href":"https:\/\/www.ernstbrunn-apotheke.at\/katalog\/wp-json\/wp\/v2\/product_tag?post=158553"}],"curies":[{"name":"wp","href":"https:\/\/api.w.org\/{rel}","templated":true}]}}