{"id":15853,"date":"2025-11-07T18:15:31","date_gmt":"2025-11-07T17:15:31","guid":{"rendered":"https:\/\/www.ernstbrunn-apotheke.at\/katalog\/produkt\/dr-grubers-selen-chelat-kombi-ace-tabletten\/"},"modified":"2025-12-08T13:53:03","modified_gmt":"2025-12-08T12:53:03","slug":"dr-grubers-selen-chelat-kombi-ace-tabletten","status":"publish","type":"product","link":"https:\/\/www.ernstbrunn-apotheke.at\/katalog\/produkt\/dr-grubers-selen-chelat-kombi-ace-tabletten\/","title":{"rendered":"Dr. Grubers Selen Chelat Kombi +ACE Tabletten"},"content":{"rendered":"<p class=\"MsoNormal\">Die Kombination von Selen und den Vitaminen A und C istdaher so sinnvoll, da diese Vitalstoffe zur normalen Funktion des Immunsystemsbeitragen und in Verbindung mit Vitamin E die Zellen vor oxidativem Stress alsAntioxidans sch\u00fctzen. Weiter ist Selen ein wichtiger Bestandteil vonSchilddr\u00fcsenhormonen.<\/p>\n<p class=\"MsoNormal\">Selen und Vitamin A in Kombination mit Zink tr\u00e4gt zurErhaltung normaler Haare, N\u00e4gel und Haut sowie zu einer normalen Spermabildungbei.<\/p>\n<p class=\"MsoNormal\">Vitamin A ist wichtig f\u00fcr die Erhaltung der Sehkraft undnormaler Schleimh\u00e4ute, Selen f\u00fcr die Schilddr\u00fcsenfunktion.<\/p>\n<p class=\"MsoNormal\">Vitamin C tr\u00e4gt zur notwendigen Kollagenbildung bei f\u00fcr \u2013die Funktion der Blutgef\u00e4\u00dfe, der Knochen und Knorpelfunktion, des Zahnfleischesund der Z\u00e4hne bei und der Haut und au\u00dferdem zur Regeneration der reduziertenForm von Vitamin E.<\/p>\n<p class=\"MsoNormal\">Die Eisenaufnahme wird durch Vitamin C erh\u00f6ht, Vitamin Atr\u00e4gt zu einem normalen Eisenstoffwechsel bei, reguliert denEnergiestoffwechsel, die Funktion des Nervensystems und die psychischenFunktionen*.<\/p>\n<p class=\"MsoNormal\">Vitamin C verringert M\u00fcdigkeit und Erm\u00fcdung.<\/p>\n<p>*Darunter versteht man seelische Leistungen, dief\u00fcr den Ablauf eines Lernprozesses notwendig sind. Motivation, Wahrnehmung,Denken, Ged\u00e4chtnis oder der Wille zur Erledigung von Aufgaben z\u00e4hlen dazu.<\/p>\n","protected":false},"excerpt":{"rendered":"<p>Die Kombination von Selen und den Vitaminen A und C istdaher so sinnvoll, da diese Vitalstoffe zur normalen Funktion des Immunsystemsbeitragen und in Verbindung mit Vitamin E die Zellen vor oxidativem Stress alsAntioxidans sch\u00fctzen. Weiter ist Selen ein wichtiger Bestandteil vonSchilddr\u00fcsenhormonen. Selen und Vitamin A in Kombination mit Zink tr\u00e4gt zurErhaltung normaler Haare, N\u00e4gel und [&hellip;]<\/p>\n","protected":false},"featured_media":15855,"template":"","meta":{"_acf_changed":false},"product_brand":[],"product_cat":[792],"product_tag":[],"class_list":{"0":"post-15853","1":"product","2":"type-product","3":"status-publish","4":"has-post-thumbnail","6":"product_cat-d","7":"pa_farbe-beige-weiss","8":"pa_geschmack-neutral","9":"pa_packungsgroesse-50-stueck","11":"first","12":"instock","13":"shipping-taxable","14":"purchasable","15":"product-type-simple"},"acf":[],"_links":{"self":[{"href":"https:\/\/www.ernstbrunn-apotheke.at\/katalog\/wp-json\/wp\/v2\/product\/15853","targetHints":{"allow":["GET"]}}],"collection":[{"href":"https:\/\/www.ernstbrunn-apotheke.at\/katalog\/wp-json\/wp\/v2\/product"}],"about":[{"href":"https:\/\/www.ernstbrunn-apotheke.at\/katalog\/wp-json\/wp\/v2\/types\/product"}],"wp:featuredmedia":[{"embeddable":true,"href":"https:\/\/www.ernstbrunn-apotheke.at\/katalog\/wp-json\/wp\/v2\/media\/15855"}],"wp:attachment":[{"href":"https:\/\/www.ernstbrunn-apotheke.at\/katalog\/wp-json\/wp\/v2\/media?parent=15853"}],"wp:term":[{"taxonomy":"product_brand","embeddable":true,"href":"https:\/\/www.ernstbrunn-apotheke.at\/katalog\/wp-json\/wp\/v2\/product_brand?post=15853"},{"taxonomy":"product_cat","embeddable":true,"href":"https:\/\/www.ernstbrunn-apotheke.at\/katalog\/wp-json\/wp\/v2\/product_cat?post=15853"},{"taxonomy":"product_tag","embeddable":true,"href":"https:\/\/www.ernstbrunn-apotheke.at\/katalog\/wp-json\/wp\/v2\/product_tag?post=15853"}],"curies":[{"name":"wp","href":"https:\/\/api.w.org\/{rel}","templated":true}]}}