{"id":158268,"date":"2025-11-17T18:24:47","date_gmt":"2025-11-17T17:24:47","guid":{"rendered":"https:\/\/www.ernstbrunn-apotheke.at\/katalog\/produkt\/burgerstein-eisen-vegan-minitabletten-150-stk\/"},"modified":"2025-12-09T11:36:02","modified_gmt":"2025-12-09T10:36:02","slug":"burgerstein-eisen-vegan-minitabletten-150-stk","status":"publish","type":"product","link":"https:\/\/www.ernstbrunn-apotheke.at\/katalog\/produkt\/burgerstein-eisen-vegan-minitabletten-150-stk\/","title":{"rendered":"Burgerstein Eisen vegan Minitabletten 150 Stk."},"content":{"rendered":"<p><strong>Der Kraftstoff f\u00fcr Ihre Blutbildung.<\/strong><\/p>\n<p>&#13;<\/p>\n<div>\u00a0<\/div>\n<p>&#13;<\/p>\n<div>Burgerstein Eisen vegan enth\u00e4lt organisches Eisen, welches eine gute Bioverf\u00fcgbarkeit auszeichnet.\u00a0Eisen und Vitamin B12 tragen zu einer normalen Funktion des Energiestoffwechsels und zur Verringerung von M\u00fcdigkeit und Erm\u00fcdung bei.<\/div>\n<p>&#13;<\/p>\n<div>\u00a0<\/div>\n<p>&#13;<\/p>\n<div>Das Produkt zeichnet eine\u00a0<strong>gute Vertr\u00e4glichkeit<\/strong>,\u00a0eine\u00a0<strong>einfache Einnahme<\/strong>\u00a0(kleine Minitabletten) und der\u00a0<strong>praktische Click-Spender<\/strong>\u00a0aus. Zudem ist das Produkt flexibel einsetzbar und\u00a0<strong>kann gut mit anderen Produkten kombiniert werden<\/strong>, um einen Eisenmangel oder einen Eisenmehrbedarf gut abdecken zu k\u00f6nnen.\u00a0<\/div>\n<p>&#13;<\/p>\n<div>\u00a0<\/div>\n<p>&#13;<\/p>\n<div>Eisen spielt eine wichtige Rolle im K\u00f6rper, da es als Bestandteil des H\u00e4moglobins am Sauerstofftransport im Blut und dessen Speicherung beteiligt ist. Zudem ist Eisen auch am Energiestoffwechsel beteiligt.<\/div>\n<p>&#13;<\/p>\n<div>\u00a0<\/div>\n<p>&#13;<\/p>\n<div>Die Menge an aufgenommenem Eisen variiert je nach Lebensmittel. Tierische Produkte weisen eine h\u00f6here Bioverf\u00fcgbarkeit auf und k\u00f6nnen bis zu viermal mehr Eisen liefern als pflanzliche Lebensmittel. Allerdings k\u00f6nnen bestimmte Bestandteile in Getreide, Vollkornreis, Mais, H\u00fclsenfr\u00fcchten und Sojaprodukten die Aufnahme von Eisen hemmen. Eine Kombination von Fleisch, Fisch, Gefl\u00fcgel und Vitamin C kann die Aufnahme von Eisen f\u00f6rdern und um das Zehnfache steigern. Daher ist es wichtiger, Lebensmittel in Kombination zu betrachten als den Eisengehalt einzelner Lebensmittel.<\/div>\n<p>&#13;<\/p>\n<div>\u00a0<\/div>\n<p>&#13;<\/p>\n<div>Tee und Kaffee sowie Calcium aus Milchprodukten hemmen die Aufnahme von Eisen. Es wird empfohlen, diese Getr\u00e4nke nicht direkt nach den Mahlzeiten zu trinken.<\/div>\n<p>&#13;<\/p>\n<div>\u00a0<\/div>\n<p>&#13;<\/p>\n<div>Personen, die sich vegetarisch oder vegan ern\u00e4hren, sollten ein besonderes Augenmerk auf ihren Eisenhaushalt legen, da sie auf Fleisch verzichten. Es ist ratsam, pflanzliche Nahrungsmittel mit Vitamin C- und\/oder zitronen- oder milchs\u00e4urehaltigen Lebensmitteln zu kombinieren. Diese S\u00e4uren f\u00f6rdern die Eisenabsorption aus anderen Nahrungsmitteln wie Obst und rohem Gem\u00fcse.<\/div>\n","protected":false},"excerpt":{"rendered":"<p>Der Kraftstoff f\u00fcr Ihre Blutbildung. &#13; \u00a0 &#13; Burgerstein Eisen vegan enth\u00e4lt organisches Eisen, welches eine gute Bioverf\u00fcgbarkeit auszeichnet.\u00a0Eisen und Vitamin B12 tragen zu einer normalen Funktion des Energiestoffwechsels und zur Verringerung von M\u00fcdigkeit und Erm\u00fcdung bei. &#13; \u00a0 &#13; Das Produkt zeichnet eine\u00a0gute Vertr\u00e4glichkeit,\u00a0eine\u00a0einfache Einnahme\u00a0(kleine Minitabletten) und der\u00a0praktische Click-Spender\u00a0aus. Zudem ist das Produkt flexibel [&hellip;]<\/p>\n","protected":false},"featured_media":0,"template":"","meta":{"_acf_changed":false},"product_brand":[],"product_cat":[802],"product_tag":[],"class_list":{"0":"post-158268","1":"product","2":"type-product","3":"status-publish","5":"product_cat-b","6":"pa_packungsgroesse-150-stueck","8":"first","9":"instock","10":"shipping-taxable","11":"purchasable","12":"product-type-simple"},"acf":[],"_links":{"self":[{"href":"https:\/\/www.ernstbrunn-apotheke.at\/katalog\/wp-json\/wp\/v2\/product\/158268","targetHints":{"allow":["GET"]}}],"collection":[{"href":"https:\/\/www.ernstbrunn-apotheke.at\/katalog\/wp-json\/wp\/v2\/product"}],"about":[{"href":"https:\/\/www.ernstbrunn-apotheke.at\/katalog\/wp-json\/wp\/v2\/types\/product"}],"wp:attachment":[{"href":"https:\/\/www.ernstbrunn-apotheke.at\/katalog\/wp-json\/wp\/v2\/media?parent=158268"}],"wp:term":[{"taxonomy":"product_brand","embeddable":true,"href":"https:\/\/www.ernstbrunn-apotheke.at\/katalog\/wp-json\/wp\/v2\/product_brand?post=158268"},{"taxonomy":"product_cat","embeddable":true,"href":"https:\/\/www.ernstbrunn-apotheke.at\/katalog\/wp-json\/wp\/v2\/product_cat?post=158268"},{"taxonomy":"product_tag","embeddable":true,"href":"https:\/\/www.ernstbrunn-apotheke.at\/katalog\/wp-json\/wp\/v2\/product_tag?post=158268"}],"curies":[{"name":"wp","href":"https:\/\/api.w.org\/{rel}","templated":true}]}}