{"id":158023,"date":"2025-11-17T18:19:41","date_gmt":"2025-11-17T17:19:41","guid":{"rendered":"https:\/\/www.ernstbrunn-apotheke.at\/katalog\/produkt\/dr-jacobs-curcumin-phospholipid-kapseln-60-stk\/"},"modified":"2025-12-09T11:34:58","modified_gmt":"2025-12-09T10:34:58","slug":"dr-jacobs-curcumin-phospholipid-kapseln-60-stk","status":"publish","type":"product","link":"https:\/\/www.ernstbrunn-apotheke.at\/katalog\/produkt\/dr-jacobs-curcumin-phospholipid-kapseln-60-stk\/","title":{"rendered":"Dr. Jacob\u00b4s Curcumin-Phospholipid Kapseln 60 Stk."},"content":{"rendered":"<p>Der Dr. Jacob\u00b4s Curcumin-Phospholipid Komplex ist 29 Mal mehr bioverf\u00fcgbar als herk\u00f6mmliches Curcumin. Das fettl\u00f6sliche Molek\u00fcl gelangt so gezielt durch die Blut-Hirn-Schranke ins Gehirn. Das Pr\u00e4parat enth\u00e4lt kein Piperin (Extrakt aus schwarzem Pfeffer, welches zu Wechselwirkungen mit anderen Arzneimitteln f\u00fchren kann).<\/p>\n","protected":false},"excerpt":{"rendered":"<p>Der Dr. Jacob\u00b4s Curcumin-Phospholipid Komplex ist 29 Mal mehr bioverf\u00fcgbar als herk\u00f6mmliches Curcumin. Das fettl\u00f6sliche Molek\u00fcl gelangt so gezielt durch die Blut-Hirn-Schranke ins Gehirn. Das Pr\u00e4parat enth\u00e4lt kein Piperin (Extrakt aus schwarzem Pfeffer, welches zu Wechselwirkungen mit anderen Arzneimitteln f\u00fchren kann).<\/p>\n","protected":false},"featured_media":158025,"template":"","meta":{"_acf_changed":false},"product_brand":[433],"product_cat":[792],"product_tag":[],"class_list":{"0":"post-158023","1":"product","2":"type-product","3":"status-publish","4":"has-post-thumbnail","6":"product_brand-dr-jacobs","7":"product_cat-d","8":"pa_packungsgroesse-60-stueck","10":"first","11":"instock","12":"shipping-taxable","13":"purchasable","14":"product-type-simple"},"acf":[],"_links":{"self":[{"href":"https:\/\/www.ernstbrunn-apotheke.at\/katalog\/wp-json\/wp\/v2\/product\/158023","targetHints":{"allow":["GET"]}}],"collection":[{"href":"https:\/\/www.ernstbrunn-apotheke.at\/katalog\/wp-json\/wp\/v2\/product"}],"about":[{"href":"https:\/\/www.ernstbrunn-apotheke.at\/katalog\/wp-json\/wp\/v2\/types\/product"}],"wp:featuredmedia":[{"embeddable":true,"href":"https:\/\/www.ernstbrunn-apotheke.at\/katalog\/wp-json\/wp\/v2\/media\/158025"}],"wp:attachment":[{"href":"https:\/\/www.ernstbrunn-apotheke.at\/katalog\/wp-json\/wp\/v2\/media?parent=158023"}],"wp:term":[{"taxonomy":"product_brand","embeddable":true,"href":"https:\/\/www.ernstbrunn-apotheke.at\/katalog\/wp-json\/wp\/v2\/product_brand?post=158023"},{"taxonomy":"product_cat","embeddable":true,"href":"https:\/\/www.ernstbrunn-apotheke.at\/katalog\/wp-json\/wp\/v2\/product_cat?post=158023"},{"taxonomy":"product_tag","embeddable":true,"href":"https:\/\/www.ernstbrunn-apotheke.at\/katalog\/wp-json\/wp\/v2\/product_tag?post=158023"}],"curies":[{"name":"wp","href":"https:\/\/api.w.org\/{rel}","templated":true}]}}