{"id":157848,"date":"2025-11-17T18:16:17","date_gmt":"2025-11-17T17:16:17","guid":{"rendered":"https:\/\/www.ernstbrunn-apotheke.at\/katalog\/produkt\/burgerstein-brain-ps-kapseln-60-stk\/"},"modified":"2025-12-09T11:34:12","modified_gmt":"2025-12-09T10:34:12","slug":"burgerstein-brain-ps-kapseln-60-stk","status":"publish","type":"product","link":"https:\/\/www.ernstbrunn-apotheke.at\/katalog\/produkt\/burgerstein-brain-ps-kapseln-60-stk\/","title":{"rendered":"Burgerstein Brain PS+ Kapseln 60 Stk."},"content":{"rendered":"<p><strong>Der Fitmacher f\u00fcrs Hirn.<\/strong><\/p>\n<p>&#13;<\/p>\n<div>\u00a0<\/div>\n<p>&#13;<\/p>\n<div>Burgerstein Brain PS bietet Pantothens\u00e4ure und nat\u00fcrliches Phosphatidylserin aus Sojalecithin, das in hohen Mengen in den Gehirnzellen vorhanden ist.\u00a0<\/div>\n<p>&#13;<\/p>\n<div>\u00a0<\/div>\n<p>&#13;<\/p>\n<div><strong>Phosphatidylserin<\/strong>\u00a0unterst\u00fctzt die Regulierung der Neurotransmitter-Freisetzung und ist an synaptischen Prozessen beteiligt, f\u00f6rdert die Gehirnfunktion und hilft, einen R\u00fcckgang der kognitiven Leistung im Alter zu verhindern. Pantothens\u00e4ure tr\u00e4gt zu einer normalen geistigen Leistung und einem gesunden, effizienten Energiestoffwechsel bei.\u00a0<\/div>\n<p>&#13;<\/p>\n<div>\u00a0<\/div>\n<p>&#13;<\/p>\n<div>&#13;<\/p>\n<p class=\"MsoNormal\">Brain PS+ beinhaltet\u00a0<strong>zus\u00e4tzlich Bacopa Monnieri Extrakt (Bacoside)<\/strong>\u00a0welches die Nerven sch\u00fctzen kann, indem es oxidativen Stress reduziert. Zudem kann die Signal\u00fcbertragung zwischen Nervenzellen durch Bacoside positiv beeinflusst und so kognitive Funktionen verbessert werden. Wir verwenden einen Extrakt mit 55 % Bacosid-Gehalt!<\/p>\n<p>&#13;<\/p>\n<p class=\"MsoNormal\">Komplettiert wird das Produkt durch Vitamin B12 (Cobalamin) und B5 (Pantothens\u00e4ure).\u00a0<\/p>\n<p>&#13;\n<\/p><\/div>\n<p>&#13;<\/p>\n<div>Bildung, Studium und Beruf fordern von unserem Gehirn Spitzenleistungen, kontinuierliche Aufmerksamkeit und einen wachsamen Geist. Beispielsweise ist bei der Vorbereitung auf Pr\u00fcfungen fokussiertes und effektives Lernen unerl\u00e4sslich. Unterst\u00fctzen Sie jetzt Ihre geistige Leistungskraft.\u00a0<\/div>\n<p>&#13;<\/p>\n<div>\u00a0<\/div>\n<p>&#13;<\/p>\n<div>Veganer m\u00fcssen auf zus\u00e4tzliche, externe Phosphatidylserin-Quellen zur\u00fcckgreifen, da dieser Mikron\u00e4hrstoff vorwiegend in Fisch und Fleisch vorkommt.<\/div>\n","protected":false},"excerpt":{"rendered":"<p>Der Fitmacher f\u00fcrs Hirn. &#13; \u00a0 &#13; Burgerstein Brain PS bietet Pantothens\u00e4ure und nat\u00fcrliches Phosphatidylserin aus Sojalecithin, das in hohen Mengen in den Gehirnzellen vorhanden ist.\u00a0 &#13; \u00a0 &#13; Phosphatidylserin\u00a0unterst\u00fctzt die Regulierung der Neurotransmitter-Freisetzung und ist an synaptischen Prozessen beteiligt, f\u00f6rdert die Gehirnfunktion und hilft, einen R\u00fcckgang der kognitiven Leistung im Alter zu verhindern. Pantothens\u00e4ure [&hellip;]<\/p>\n","protected":false},"featured_media":0,"template":"","meta":{"_acf_changed":false},"product_brand":[446],"product_cat":[802],"product_tag":[],"class_list":{"0":"post-157848","1":"product","2":"type-product","3":"status-publish","5":"product_brand-burgerstein","6":"product_cat-b","7":"pa_packungsgroesse-60-stueck","9":"first","10":"instock","11":"shipping-taxable","12":"purchasable","13":"product-type-simple"},"acf":[],"_links":{"self":[{"href":"https:\/\/www.ernstbrunn-apotheke.at\/katalog\/wp-json\/wp\/v2\/product\/157848","targetHints":{"allow":["GET"]}}],"collection":[{"href":"https:\/\/www.ernstbrunn-apotheke.at\/katalog\/wp-json\/wp\/v2\/product"}],"about":[{"href":"https:\/\/www.ernstbrunn-apotheke.at\/katalog\/wp-json\/wp\/v2\/types\/product"}],"wp:attachment":[{"href":"https:\/\/www.ernstbrunn-apotheke.at\/katalog\/wp-json\/wp\/v2\/media?parent=157848"}],"wp:term":[{"taxonomy":"product_brand","embeddable":true,"href":"https:\/\/www.ernstbrunn-apotheke.at\/katalog\/wp-json\/wp\/v2\/product_brand?post=157848"},{"taxonomy":"product_cat","embeddable":true,"href":"https:\/\/www.ernstbrunn-apotheke.at\/katalog\/wp-json\/wp\/v2\/product_cat?post=157848"},{"taxonomy":"product_tag","embeddable":true,"href":"https:\/\/www.ernstbrunn-apotheke.at\/katalog\/wp-json\/wp\/v2\/product_tag?post=157848"}],"curies":[{"name":"wp","href":"https:\/\/api.w.org\/{rel}","templated":true}]}}