{"id":15781,"date":"2025-11-07T18:14:04","date_gmt":"2025-11-07T17:14:04","guid":{"rendered":"https:\/\/www.ernstbrunn-apotheke.at\/katalog\/produkt\/zeinpharma-katzenkralle-500-mg-kapseln-90-stk\/"},"modified":"2025-12-08T13:52:50","modified_gmt":"2025-12-08T12:52:50","slug":"zeinpharma-katzenkralle-500-mg-kapseln-90-stk","status":"publish","type":"product","link":"https:\/\/www.ernstbrunn-apotheke.at\/katalog\/produkt\/zeinpharma-katzenkralle-500-mg-kapseln-90-stk\/","title":{"rendered":"ZeinPharma Katzenkralle 500 mg Kapseln 90 Stk."},"content":{"rendered":"<p>ZeinPharma Katzenkralle 500 mg Kapseln sind zu 100 % frei von unerw\u00fcnschten Mikroorganismen und \/ oder belastenden Schwermetallen sind. Sie als Kunde k\u00f6nnen somit immer darauf vertrauen, nur qualitativ hochwertigste Ware erhalten, die sie auch bedenkenlos \u00fcber einen l\u00e4ngeren Zeitraum hinweg einnehmen k\u00f6nnen. Genie\u00dfen Sie also die gesundheitlichen Vorz\u00fcge der Katzenkrallen Kapseln, ohne sich dabei um etwaige Verunreinigungen sorgen zu m\u00fcssen.!<\/p>\n","protected":false},"excerpt":{"rendered":"<p>ZeinPharma Katzenkralle 500 mg Kapseln sind zu 100 % frei von unerw\u00fcnschten Mikroorganismen und \/ oder belastenden Schwermetallen sind. Sie als Kunde k\u00f6nnen somit immer darauf vertrauen, nur qualitativ hochwertigste Ware erhalten, die sie auch bedenkenlos \u00fcber einen l\u00e4ngeren Zeitraum hinweg einnehmen k\u00f6nnen. Genie\u00dfen Sie also die gesundheitlichen Vorz\u00fcge der Katzenkrallen Kapseln, ohne sich dabei [&hellip;]<\/p>\n","protected":false},"featured_media":15783,"template":"","meta":{"_acf_changed":false},"product_brand":[],"product_cat":[803],"product_tag":[],"class_list":{"0":"post-15781","1":"product","2":"type-product","3":"status-publish","4":"has-post-thumbnail","6":"product_cat-z","7":"pa_packungsgroesse-90-stueck","9":"first","10":"instock","11":"shipping-taxable","12":"purchasable","13":"product-type-simple"},"acf":[],"_links":{"self":[{"href":"https:\/\/www.ernstbrunn-apotheke.at\/katalog\/wp-json\/wp\/v2\/product\/15781","targetHints":{"allow":["GET"]}}],"collection":[{"href":"https:\/\/www.ernstbrunn-apotheke.at\/katalog\/wp-json\/wp\/v2\/product"}],"about":[{"href":"https:\/\/www.ernstbrunn-apotheke.at\/katalog\/wp-json\/wp\/v2\/types\/product"}],"wp:featuredmedia":[{"embeddable":true,"href":"https:\/\/www.ernstbrunn-apotheke.at\/katalog\/wp-json\/wp\/v2\/media\/15783"}],"wp:attachment":[{"href":"https:\/\/www.ernstbrunn-apotheke.at\/katalog\/wp-json\/wp\/v2\/media?parent=15781"}],"wp:term":[{"taxonomy":"product_brand","embeddable":true,"href":"https:\/\/www.ernstbrunn-apotheke.at\/katalog\/wp-json\/wp\/v2\/product_brand?post=15781"},{"taxonomy":"product_cat","embeddable":true,"href":"https:\/\/www.ernstbrunn-apotheke.at\/katalog\/wp-json\/wp\/v2\/product_cat?post=15781"},{"taxonomy":"product_tag","embeddable":true,"href":"https:\/\/www.ernstbrunn-apotheke.at\/katalog\/wp-json\/wp\/v2\/product_tag?post=15781"}],"curies":[{"name":"wp","href":"https:\/\/api.w.org\/{rel}","templated":true}]}}