{"id":157587,"date":"2025-11-17T18:10:31","date_gmt":"2025-11-17T17:10:31","guid":{"rendered":"https:\/\/www.ernstbrunn-apotheke.at\/katalog\/produkt\/alpinamed-d-mannose-tabletten\/"},"modified":"2025-12-09T11:33:06","modified_gmt":"2025-12-09T10:33:06","slug":"alpinamed-d-mannose-tabletten","status":"publish","type":"product","link":"https:\/\/www.ernstbrunn-apotheke.at\/katalog\/produkt\/alpinamed-d-mannose-tabletten\/","title":{"rendered":"Alpinamed D-Mannose Tabletten"},"content":{"rendered":"<p>Harnwegsinfekte k\u00f6nnen ein echter Dauerbrenner sein. Bei rund 30 Prozent aller Frauen kommen sie immer wieder. Mindestens zwei- bis dreimal im Jahr manifestiert sich ein neuer Infekt oder flammt ein Erreger, der zun\u00e4chst erfolgreich behandelt schien, wieder auf. Wer h\u00e4ufig unter Infektionen der Harnwege leidet, sollte seine Blase vor Bakterien sch\u00fctzen und darauf achten, bereits eingedrungene Erreger rasch wieder loszuwerden.<\/p>\n<p>Dabei helfen ein starkes Immunsystem, vorbeugende Ma\u00dfnahmen und Unterst\u00fctzung in Form der Alpinamed\u00ae D-Mannose Tabletten zur praktischen Einnahme.<\/p>\n","protected":false},"excerpt":{"rendered":"<p>Harnwegsinfekte k\u00f6nnen ein echter Dauerbrenner sein. Bei rund 30 Prozent aller Frauen kommen sie immer wieder. Mindestens zwei- bis dreimal im Jahr manifestiert sich ein neuer Infekt oder flammt ein Erreger, der zun\u00e4chst erfolgreich behandelt schien, wieder auf. Wer h\u00e4ufig unter Infektionen der Harnwege leidet, sollte seine Blase vor Bakterien sch\u00fctzen und darauf achten, bereits [&hellip;]<\/p>\n","protected":false},"featured_media":157589,"template":"","meta":{"_acf_changed":false},"product_brand":[],"product_cat":[801],"product_tag":[],"class_list":{"0":"post-157587","1":"product","2":"type-product","3":"status-publish","4":"has-post-thumbnail","6":"product_cat-a","7":"pa_packungsgroesse-60-stueck","9":"first","10":"instock","11":"shipping-taxable","12":"purchasable","13":"product-type-simple"},"acf":[],"_links":{"self":[{"href":"https:\/\/www.ernstbrunn-apotheke.at\/katalog\/wp-json\/wp\/v2\/product\/157587","targetHints":{"allow":["GET"]}}],"collection":[{"href":"https:\/\/www.ernstbrunn-apotheke.at\/katalog\/wp-json\/wp\/v2\/product"}],"about":[{"href":"https:\/\/www.ernstbrunn-apotheke.at\/katalog\/wp-json\/wp\/v2\/types\/product"}],"wp:featuredmedia":[{"embeddable":true,"href":"https:\/\/www.ernstbrunn-apotheke.at\/katalog\/wp-json\/wp\/v2\/media\/157589"}],"wp:attachment":[{"href":"https:\/\/www.ernstbrunn-apotheke.at\/katalog\/wp-json\/wp\/v2\/media?parent=157587"}],"wp:term":[{"taxonomy":"product_brand","embeddable":true,"href":"https:\/\/www.ernstbrunn-apotheke.at\/katalog\/wp-json\/wp\/v2\/product_brand?post=157587"},{"taxonomy":"product_cat","embeddable":true,"href":"https:\/\/www.ernstbrunn-apotheke.at\/katalog\/wp-json\/wp\/v2\/product_cat?post=157587"},{"taxonomy":"product_tag","embeddable":true,"href":"https:\/\/www.ernstbrunn-apotheke.at\/katalog\/wp-json\/wp\/v2\/product_tag?post=157587"}],"curies":[{"name":"wp","href":"https:\/\/api.w.org\/{rel}","templated":true}]}}