{"id":157573,"date":"2025-11-17T18:10:25","date_gmt":"2025-11-17T17:10:25","guid":{"rendered":"https:\/\/www.ernstbrunn-apotheke.at\/katalog\/produkt\/spagyra-alkala-n-zink-pulver-150g\/"},"modified":"2025-12-09T11:33:04","modified_gmt":"2025-12-09T10:33:04","slug":"spagyra-alkala-n-zink-pulver-150g","status":"publish","type":"product","link":"https:\/\/www.ernstbrunn-apotheke.at\/katalog\/produkt\/spagyra-alkala-n-zink-pulver-150g\/","title":{"rendered":"Spagyra Alkala &#8222;N&#8220; + Zink Pulver 150g"},"content":{"rendered":"<p>Das im menschlichen K\u00f6rper vorhandene S\u00e4ure-Basen-Verh\u00e4ltnis hat einen entscheidenden Einfluss auf s\u00e4mtliche Lebensvorg\u00e4nge. Im Idealfall ist dieses Verh\u00e4ltnis ausgeglichen (pH = 7 des Urins). Bei l\u00e4ngerfristiger Verschiebung in den sauren Bereich steigt der Anteil der sauren Stoffwechselprodukte, was zu erheblichen St\u00f6rungen f\u00fchrt. Typische Anzeichen von \u00dcbers\u00e4uerung sind Sodbrennen, saures Aufsto\u00dfen, Bl\u00e4hungen, \u00dcbelkeit, V\u00f6llegef\u00fchl und Magendr\u00fccken. Mit Alkala &#8222;N&#8220; + Zink Pulver kann diese \u00dcbers\u00e4uerung ausgeglichen werden. Jetzt online bestellen!<\/p>\n","protected":false},"excerpt":{"rendered":"<p>Das im menschlichen K\u00f6rper vorhandene S\u00e4ure-Basen-Verh\u00e4ltnis hat einen entscheidenden Einfluss auf s\u00e4mtliche Lebensvorg\u00e4nge. Im Idealfall ist dieses Verh\u00e4ltnis ausgeglichen (pH = 7 des Urins). Bei l\u00e4ngerfristiger Verschiebung in den sauren Bereich steigt der Anteil der sauren Stoffwechselprodukte, was zu erheblichen St\u00f6rungen f\u00fchrt. Typische Anzeichen von \u00dcbers\u00e4uerung sind Sodbrennen, saures Aufsto\u00dfen, Bl\u00e4hungen, \u00dcbelkeit, V\u00f6llegef\u00fchl und Magendr\u00fccken. [&hellip;]<\/p>\n","protected":false},"featured_media":0,"template":"","meta":{"_acf_changed":false},"product_brand":[],"product_cat":[791],"product_tag":[],"class_list":{"0":"post-157573","1":"product","2":"type-product","3":"status-publish","5":"product_cat-s","6":"pa_packungsgroesse-150g","8":"first","9":"instock","10":"shipping-taxable","11":"purchasable","12":"product-type-simple"},"acf":[],"_links":{"self":[{"href":"https:\/\/www.ernstbrunn-apotheke.at\/katalog\/wp-json\/wp\/v2\/product\/157573","targetHints":{"allow":["GET"]}}],"collection":[{"href":"https:\/\/www.ernstbrunn-apotheke.at\/katalog\/wp-json\/wp\/v2\/product"}],"about":[{"href":"https:\/\/www.ernstbrunn-apotheke.at\/katalog\/wp-json\/wp\/v2\/types\/product"}],"wp:attachment":[{"href":"https:\/\/www.ernstbrunn-apotheke.at\/katalog\/wp-json\/wp\/v2\/media?parent=157573"}],"wp:term":[{"taxonomy":"product_brand","embeddable":true,"href":"https:\/\/www.ernstbrunn-apotheke.at\/katalog\/wp-json\/wp\/v2\/product_brand?post=157573"},{"taxonomy":"product_cat","embeddable":true,"href":"https:\/\/www.ernstbrunn-apotheke.at\/katalog\/wp-json\/wp\/v2\/product_cat?post=157573"},{"taxonomy":"product_tag","embeddable":true,"href":"https:\/\/www.ernstbrunn-apotheke.at\/katalog\/wp-json\/wp\/v2\/product_tag?post=157573"}],"curies":[{"name":"wp","href":"https:\/\/api.w.org\/{rel}","templated":true}]}}