{"id":15751,"date":"2025-11-07T18:12:51","date_gmt":"2025-11-07T17:12:51","guid":{"rendered":"https:\/\/www.ernstbrunn-apotheke.at\/katalog\/produkt\/planta-chlorella-bio-presslinge-170-stk\/"},"modified":"2025-12-08T13:52:46","modified_gmt":"2025-12-08T12:52:46","slug":"planta-chlorella-bio-presslinge-170-stk","status":"publish","type":"product","link":"https:\/\/www.ernstbrunn-apotheke.at\/katalog\/produkt\/planta-chlorella-bio-presslinge-170-stk\/","title":{"rendered":"Planta Chlorella Bio Presslinge 170 Stk."},"content":{"rendered":"<p>Planta Chlorella Bio Presslinge enthalten essentielle Aminos\u00e4uren, ges\u00e4ttigte und unges\u00e4ttigte Fetts\u00e4uren, Vitamine, Mineralstoffe und Spurenelemente. Sie enth\u00e4lt den h\u00f6chsten Chlorophyllgehalt, der je bei einer Pflanze festgestellt wurde. Chlorella ist die beste Wahl, wenn es um die Ausleitung von Schwermetallen und Toxinen geht<\/p>\n","protected":false},"excerpt":{"rendered":"<p>Planta Chlorella Bio Presslinge enthalten essentielle Aminos\u00e4uren, ges\u00e4ttigte und unges\u00e4ttigte Fetts\u00e4uren, Vitamine, Mineralstoffe und Spurenelemente. Sie enth\u00e4lt den h\u00f6chsten Chlorophyllgehalt, der je bei einer Pflanze festgestellt wurde. Chlorella ist die beste Wahl, wenn es um die Ausleitung von Schwermetallen und Toxinen geht<\/p>\n","protected":false},"featured_media":15753,"template":"","meta":{"_acf_changed":false},"product_brand":[],"product_cat":[793],"product_tag":[],"class_list":{"0":"post-15751","1":"product","2":"type-product","3":"status-publish","4":"has-post-thumbnail","6":"product_cat-p","7":"pa_packungsgroesse-170-stueck","9":"first","10":"instock","11":"shipping-taxable","12":"purchasable","13":"product-type-simple"},"acf":[],"_links":{"self":[{"href":"https:\/\/www.ernstbrunn-apotheke.at\/katalog\/wp-json\/wp\/v2\/product\/15751","targetHints":{"allow":["GET"]}}],"collection":[{"href":"https:\/\/www.ernstbrunn-apotheke.at\/katalog\/wp-json\/wp\/v2\/product"}],"about":[{"href":"https:\/\/www.ernstbrunn-apotheke.at\/katalog\/wp-json\/wp\/v2\/types\/product"}],"wp:featuredmedia":[{"embeddable":true,"href":"https:\/\/www.ernstbrunn-apotheke.at\/katalog\/wp-json\/wp\/v2\/media\/15753"}],"wp:attachment":[{"href":"https:\/\/www.ernstbrunn-apotheke.at\/katalog\/wp-json\/wp\/v2\/media?parent=15751"}],"wp:term":[{"taxonomy":"product_brand","embeddable":true,"href":"https:\/\/www.ernstbrunn-apotheke.at\/katalog\/wp-json\/wp\/v2\/product_brand?post=15751"},{"taxonomy":"product_cat","embeddable":true,"href":"https:\/\/www.ernstbrunn-apotheke.at\/katalog\/wp-json\/wp\/v2\/product_cat?post=15751"},{"taxonomy":"product_tag","embeddable":true,"href":"https:\/\/www.ernstbrunn-apotheke.at\/katalog\/wp-json\/wp\/v2\/product_tag?post=15751"}],"curies":[{"name":"wp","href":"https:\/\/api.w.org\/{rel}","templated":true}]}}