{"id":157455,"date":"2025-11-17T18:07:46","date_gmt":"2025-11-17T17:07:46","guid":{"rendered":"https:\/\/www.ernstbrunn-apotheke.at\/katalog\/produkt\/fresubin-32-kcal-drink-125-ml-x-24-stk-haselnuss\/"},"modified":"2025-12-09T11:32:38","modified_gmt":"2025-12-09T10:32:38","slug":"fresubin-32-kcal-drink-125-ml-x-24-stk-haselnuss","status":"publish","type":"product","link":"https:\/\/www.ernstbrunn-apotheke.at\/katalog\/produkt\/fresubin-32-kcal-drink-125-ml-x-24-stk-haselnuss\/","title":{"rendered":"Fresubin 3,2 kcal DRINK 125 ml x 24 Stk. Haselnuss"},"content":{"rendered":"<p>Fresubin 3.2 kcal Drink eignet sich zum Di\u00e4tmanagement bei Patienten mit bestehender oder drohender Mangelern\u00e4hrung oder St\u00f6rungen der Nahrungsaufnahme, insbesondere bei erh\u00f6htem Energie- und Eiwei\u00dfbedarf oder limitierter Fl\u00fcssigkeitstoleranz.<\/p>\n","protected":false},"excerpt":{"rendered":"<p>Fresubin 3.2 kcal Drink eignet sich zum Di\u00e4tmanagement bei Patienten mit bestehender oder drohender Mangelern\u00e4hrung oder St\u00f6rungen der Nahrungsaufnahme, insbesondere bei erh\u00f6htem Energie- und Eiwei\u00dfbedarf oder limitierter Fl\u00fcssigkeitstoleranz.<\/p>\n","protected":false},"featured_media":0,"template":"","meta":{"_acf_changed":false},"product_brand":[],"product_cat":[809],"product_tag":[],"class_list":{"0":"post-157455","1":"product","2":"type-product","3":"status-publish","5":"product_cat-f","6":"pa_packungsgroesse-24-stueck","8":"first","9":"instock","10":"shipping-taxable","11":"purchasable","12":"product-type-simple"},"acf":[],"_links":{"self":[{"href":"https:\/\/www.ernstbrunn-apotheke.at\/katalog\/wp-json\/wp\/v2\/product\/157455","targetHints":{"allow":["GET"]}}],"collection":[{"href":"https:\/\/www.ernstbrunn-apotheke.at\/katalog\/wp-json\/wp\/v2\/product"}],"about":[{"href":"https:\/\/www.ernstbrunn-apotheke.at\/katalog\/wp-json\/wp\/v2\/types\/product"}],"wp:attachment":[{"href":"https:\/\/www.ernstbrunn-apotheke.at\/katalog\/wp-json\/wp\/v2\/media?parent=157455"}],"wp:term":[{"taxonomy":"product_brand","embeddable":true,"href":"https:\/\/www.ernstbrunn-apotheke.at\/katalog\/wp-json\/wp\/v2\/product_brand?post=157455"},{"taxonomy":"product_cat","embeddable":true,"href":"https:\/\/www.ernstbrunn-apotheke.at\/katalog\/wp-json\/wp\/v2\/product_cat?post=157455"},{"taxonomy":"product_tag","embeddable":true,"href":"https:\/\/www.ernstbrunn-apotheke.at\/katalog\/wp-json\/wp\/v2\/product_tag?post=157455"}],"curies":[{"name":"wp","href":"https:\/\/api.w.org\/{rel}","templated":true}]}}