{"id":157426,"date":"2025-11-17T18:07:05","date_gmt":"2025-11-17T17:07:05","guid":{"rendered":"https:\/\/www.ernstbrunn-apotheke.at\/katalog\/produkt\/kora-cremetiegel-blauglas-76-stk-ohne-verschluss\/"},"modified":"2025-12-09T11:32:31","modified_gmt":"2025-12-09T10:32:31","slug":"kora-cremetiegel-blauglas-76-stk-ohne-verschluss","status":"publish","type":"product","link":"https:\/\/www.ernstbrunn-apotheke.at\/katalog\/produkt\/kora-cremetiegel-blauglas-76-stk-ohne-verschluss\/","title":{"rendered":"Kora Cremetiegel Blauglas 76 Stk. ohne Verschluss"},"content":{"rendered":"<p>Als Experte f\u00fcr nachhaltige Verpackung und Lohnabf\u00fcllung ist Kora Handelsgmbh der Partner f\u00fcr kleine und mittlere Unternehmen in \u00d6sterreich  jetzt mit hohem Rabatt bestellen!<\/p>\n","protected":false},"excerpt":{"rendered":"<p>Als Experte f\u00fcr nachhaltige Verpackung und Lohnabf\u00fcllung ist Kora Handelsgmbh der Partner f\u00fcr kleine und mittlere Unternehmen in \u00d6sterreich jetzt mit hohem Rabatt bestellen!<\/p>\n","protected":false},"featured_media":0,"template":"","meta":{"_acf_changed":false},"product_brand":[],"product_cat":[807],"product_tag":[],"class_list":{"0":"post-157426","1":"product","2":"type-product","3":"status-publish","5":"product_cat-k","6":"pa_packungsgroesse-35-stueck","8":"first","9":"instock","10":"shipping-taxable","11":"purchasable","12":"product-type-simple"},"acf":[],"_links":{"self":[{"href":"https:\/\/www.ernstbrunn-apotheke.at\/katalog\/wp-json\/wp\/v2\/product\/157426","targetHints":{"allow":["GET"]}}],"collection":[{"href":"https:\/\/www.ernstbrunn-apotheke.at\/katalog\/wp-json\/wp\/v2\/product"}],"about":[{"href":"https:\/\/www.ernstbrunn-apotheke.at\/katalog\/wp-json\/wp\/v2\/types\/product"}],"wp:attachment":[{"href":"https:\/\/www.ernstbrunn-apotheke.at\/katalog\/wp-json\/wp\/v2\/media?parent=157426"}],"wp:term":[{"taxonomy":"product_brand","embeddable":true,"href":"https:\/\/www.ernstbrunn-apotheke.at\/katalog\/wp-json\/wp\/v2\/product_brand?post=157426"},{"taxonomy":"product_cat","embeddable":true,"href":"https:\/\/www.ernstbrunn-apotheke.at\/katalog\/wp-json\/wp\/v2\/product_cat?post=157426"},{"taxonomy":"product_tag","embeddable":true,"href":"https:\/\/www.ernstbrunn-apotheke.at\/katalog\/wp-json\/wp\/v2\/product_tag?post=157426"}],"curies":[{"name":"wp","href":"https:\/\/api.w.org\/{rel}","templated":true}]}}