{"id":157162,"date":"2025-11-17T17:59:04","date_gmt":"2025-11-17T16:59:04","guid":{"rendered":"https:\/\/www.ernstbrunn-apotheke.at\/katalog\/produkt\/thuja-spagyra-d6-globuli-10-ml\/"},"modified":"2025-12-09T11:32:02","modified_gmt":"2025-12-09T10:32:02","slug":"thuja-spagyra-d6-globuli-10-ml","status":"publish","type":"product","link":"https:\/\/www.ernstbrunn-apotheke.at\/katalog\/produkt\/thuja-spagyra-d6-globuli-10-ml\/","title":{"rendered":"Thuja Spagyra D6 Globuli 10 ml"},"content":{"rendered":"<p>Spagyra bietet hom\u00f6opathische Einzelmittel, um \u00c4hnliches mit \u00c4hnlichem zu heilen. Der K\u00f6rper wird dadurch zur Selbstheilung angeregt. Das Immunsystem wird gest\u00e4rkt. Ob Globuli, Dilutionen, Tabletten oder Triturationen.<\/p>\n","protected":false},"excerpt":{"rendered":"<p>Spagyra bietet hom\u00f6opathische Einzelmittel, um \u00c4hnliches mit \u00c4hnlichem zu heilen. Der K\u00f6rper wird dadurch zur Selbstheilung angeregt. Das Immunsystem wird gest\u00e4rkt. Ob Globuli, Dilutionen, Tabletten oder Triturationen.<\/p>\n","protected":false},"featured_media":157164,"template":"","meta":{"_acf_changed":false},"product_brand":[],"product_cat":[798],"product_tag":[],"class_list":{"0":"post-157162","1":"product","2":"type-product","3":"status-publish","4":"has-post-thumbnail","6":"product_cat-t","7":"pa_packungsgroesse-10g","9":"first","10":"instock","11":"shipping-taxable","12":"purchasable","13":"product-type-simple"},"acf":[],"_links":{"self":[{"href":"https:\/\/www.ernstbrunn-apotheke.at\/katalog\/wp-json\/wp\/v2\/product\/157162","targetHints":{"allow":["GET"]}}],"collection":[{"href":"https:\/\/www.ernstbrunn-apotheke.at\/katalog\/wp-json\/wp\/v2\/product"}],"about":[{"href":"https:\/\/www.ernstbrunn-apotheke.at\/katalog\/wp-json\/wp\/v2\/types\/product"}],"wp:featuredmedia":[{"embeddable":true,"href":"https:\/\/www.ernstbrunn-apotheke.at\/katalog\/wp-json\/wp\/v2\/media\/157164"}],"wp:attachment":[{"href":"https:\/\/www.ernstbrunn-apotheke.at\/katalog\/wp-json\/wp\/v2\/media?parent=157162"}],"wp:term":[{"taxonomy":"product_brand","embeddable":true,"href":"https:\/\/www.ernstbrunn-apotheke.at\/katalog\/wp-json\/wp\/v2\/product_brand?post=157162"},{"taxonomy":"product_cat","embeddable":true,"href":"https:\/\/www.ernstbrunn-apotheke.at\/katalog\/wp-json\/wp\/v2\/product_cat?post=157162"},{"taxonomy":"product_tag","embeddable":true,"href":"https:\/\/www.ernstbrunn-apotheke.at\/katalog\/wp-json\/wp\/v2\/product_tag?post=157162"}],"curies":[{"name":"wp","href":"https:\/\/api.w.org\/{rel}","templated":true}]}}