{"id":15702,"date":"2025-11-07T18:12:51","date_gmt":"2025-11-07T17:12:51","guid":{"rendered":"https:\/\/www.ernstbrunn-apotheke.at\/katalog\/produkt\/allergosan-muco-zink-pulver-600-g\/"},"modified":"2025-12-08T13:52:38","modified_gmt":"2025-12-08T12:52:38","slug":"allergosan-muco-zink-pulver-600-g","status":"publish","type":"product","link":"https:\/\/www.ernstbrunn-apotheke.at\/katalog\/produkt\/allergosan-muco-zink-pulver-600-g\/","title":{"rendered":"Allergosan Muco Zink Pulver 600 g"},"content":{"rendered":"<p>Allergosan Muco Zink Pulver eignet sich vor allem f\u00fcr Personen mit nachgewiesenem Mangel oder erh\u00f6htem Bedarf an Vitalstoffen. Die Einnahme von Muco Zink ist empfehlenswert, wenn die Nahrungsaufspaltung oder die N\u00e4hrstoffaufnahme krankheitsbedingt herabgesetzt ist oder aufgrund besonderer Lebenssituationen oder Erkrankungen ein erh\u00f6hter Bedarf an spezifischen Mikron\u00e4hrstoffen besteht.<\/p>\n","protected":false},"excerpt":{"rendered":"<p>Allergosan Muco Zink Pulver eignet sich vor allem f\u00fcr Personen mit nachgewiesenem Mangel oder erh\u00f6htem Bedarf an Vitalstoffen. Die Einnahme von Muco Zink ist empfehlenswert, wenn die Nahrungsaufspaltung oder die N\u00e4hrstoffaufnahme krankheitsbedingt herabgesetzt ist oder aufgrund besonderer Lebenssituationen oder Erkrankungen ein erh\u00f6hter Bedarf an spezifischen Mikron\u00e4hrstoffen besteht.<\/p>\n","protected":false},"featured_media":15704,"template":"","meta":{"_acf_changed":false},"product_brand":[],"product_cat":[801],"product_tag":[],"class_list":{"0":"post-15702","1":"product","2":"type-product","3":"status-publish","4":"has-post-thumbnail","6":"product_cat-a","7":"pa_packungsgroesse-600g","9":"first","10":"instock","11":"shipping-taxable","12":"purchasable","13":"product-type-simple"},"acf":[],"_links":{"self":[{"href":"https:\/\/www.ernstbrunn-apotheke.at\/katalog\/wp-json\/wp\/v2\/product\/15702","targetHints":{"allow":["GET"]}}],"collection":[{"href":"https:\/\/www.ernstbrunn-apotheke.at\/katalog\/wp-json\/wp\/v2\/product"}],"about":[{"href":"https:\/\/www.ernstbrunn-apotheke.at\/katalog\/wp-json\/wp\/v2\/types\/product"}],"wp:featuredmedia":[{"embeddable":true,"href":"https:\/\/www.ernstbrunn-apotheke.at\/katalog\/wp-json\/wp\/v2\/media\/15704"}],"wp:attachment":[{"href":"https:\/\/www.ernstbrunn-apotheke.at\/katalog\/wp-json\/wp\/v2\/media?parent=15702"}],"wp:term":[{"taxonomy":"product_brand","embeddable":true,"href":"https:\/\/www.ernstbrunn-apotheke.at\/katalog\/wp-json\/wp\/v2\/product_brand?post=15702"},{"taxonomy":"product_cat","embeddable":true,"href":"https:\/\/www.ernstbrunn-apotheke.at\/katalog\/wp-json\/wp\/v2\/product_cat?post=15702"},{"taxonomy":"product_tag","embeddable":true,"href":"https:\/\/www.ernstbrunn-apotheke.at\/katalog\/wp-json\/wp\/v2\/product_tag?post=15702"}],"curies":[{"name":"wp","href":"https:\/\/api.w.org\/{rel}","templated":true}]}}