{"id":156746,"date":"2025-11-17T17:45:07","date_gmt":"2025-11-17T16:45:07","guid":{"rendered":"https:\/\/www.ernstbrunn-apotheke.at\/katalog\/produkt\/strychnos-ignatii-remedia-10-g-c-200-globuli\/"},"modified":"2025-12-09T11:31:34","modified_gmt":"2025-12-09T10:31:34","slug":"strychnos-ignatii-remedia-10-g-c-200-globuli","status":"publish","type":"product","link":"https:\/\/www.ernstbrunn-apotheke.at\/katalog\/produkt\/strychnos-ignatii-remedia-10-g-c-200-globuli\/","title":{"rendered":"Strychnos Ignatii Remedia 10 g C 200 Globuli"},"content":{"rendered":"<p>Remedia stellt \u00fcber 5000 hom\u00f6opathische Einzelmittel nach der Originalmethode her. Diese aufwendige Methode stellt sicher, dass das Mittel seine Wirkung entsprechend der hom\u00f6opathischen Lehre entfalten kann. Die Arzneien werden zumeist als Tropfen (Dilution) oder als K\u00fcgelchen (Globuli) angefertigt, aber auch als Tablette, Triturationen, Ampullen oder Z\u00e4pfchen.<\/p>\n","protected":false},"excerpt":{"rendered":"<p>Remedia stellt \u00fcber 5000 hom\u00f6opathische Einzelmittel nach der Originalmethode her. Diese aufwendige Methode stellt sicher, dass das Mittel seine Wirkung entsprechend der hom\u00f6opathischen Lehre entfalten kann. Die Arzneien werden zumeist als Tropfen (Dilution) oder als K\u00fcgelchen (Globuli) angefertigt, aber auch als Tablette, Triturationen, Ampullen oder Z\u00e4pfchen.<\/p>\n","protected":false},"featured_media":156748,"template":"","meta":{"_acf_changed":false},"product_brand":[],"product_cat":[791],"product_tag":[],"class_list":{"0":"post-156746","1":"product","2":"type-product","3":"status-publish","4":"has-post-thumbnail","6":"product_cat-s","7":"pa_packungsgroesse-10g","9":"first","10":"instock","11":"shipping-taxable","12":"purchasable","13":"product-type-simple"},"acf":[],"_links":{"self":[{"href":"https:\/\/www.ernstbrunn-apotheke.at\/katalog\/wp-json\/wp\/v2\/product\/156746","targetHints":{"allow":["GET"]}}],"collection":[{"href":"https:\/\/www.ernstbrunn-apotheke.at\/katalog\/wp-json\/wp\/v2\/product"}],"about":[{"href":"https:\/\/www.ernstbrunn-apotheke.at\/katalog\/wp-json\/wp\/v2\/types\/product"}],"wp:featuredmedia":[{"embeddable":true,"href":"https:\/\/www.ernstbrunn-apotheke.at\/katalog\/wp-json\/wp\/v2\/media\/156748"}],"wp:attachment":[{"href":"https:\/\/www.ernstbrunn-apotheke.at\/katalog\/wp-json\/wp\/v2\/media?parent=156746"}],"wp:term":[{"taxonomy":"product_brand","embeddable":true,"href":"https:\/\/www.ernstbrunn-apotheke.at\/katalog\/wp-json\/wp\/v2\/product_brand?post=156746"},{"taxonomy":"product_cat","embeddable":true,"href":"https:\/\/www.ernstbrunn-apotheke.at\/katalog\/wp-json\/wp\/v2\/product_cat?post=156746"},{"taxonomy":"product_tag","embeddable":true,"href":"https:\/\/www.ernstbrunn-apotheke.at\/katalog\/wp-json\/wp\/v2\/product_tag?post=156746"}],"curies":[{"name":"wp","href":"https:\/\/api.w.org\/{rel}","templated":true}]}}