{"id":156706,"date":"2025-11-17T17:44:06","date_gmt":"2025-11-17T16:44:06","guid":{"rendered":"https:\/\/www.ernstbrunn-apotheke.at\/katalog\/produkt\/strychnos-ignat-c-12-rem-glo-10-g\/"},"modified":"2025-12-09T11:31:33","modified_gmt":"2025-12-09T10:31:33","slug":"strychnos-ignat-c-12-rem-glo-10-g","status":"publish","type":"product","link":"https:\/\/www.ernstbrunn-apotheke.at\/katalog\/produkt\/strychnos-ignat-c-12-rem-glo-10-g\/","title":{"rendered":"STRYCHNOS IGNAT C 12 REM GLO 10 G"},"content":{"rendered":"<p>Die Salvator Apotheke in M\u00f6dling ist Ihre Adresse f\u00fcr eine pers\u00f6nliche, ausf\u00fchrliche Beratung rund um Gesundheit und Wohlbefinden  jetzt Produkte online bestellen!<\/p>\n","protected":false},"excerpt":{"rendered":"<p>Die Salvator Apotheke in M\u00f6dling ist Ihre Adresse f\u00fcr eine pers\u00f6nliche, ausf\u00fchrliche Beratung rund um Gesundheit und Wohlbefinden jetzt Produkte online bestellen!<\/p>\n","protected":false},"featured_media":156708,"template":"","meta":{"_acf_changed":false},"product_brand":[],"product_cat":[791],"product_tag":[],"class_list":{"0":"post-156706","1":"product","2":"type-product","3":"status-publish","4":"has-post-thumbnail","6":"product_cat-s","7":"pa_packungsgroesse-10g","9":"first","10":"instock","11":"shipping-taxable","12":"purchasable","13":"product-type-simple"},"acf":[],"_links":{"self":[{"href":"https:\/\/www.ernstbrunn-apotheke.at\/katalog\/wp-json\/wp\/v2\/product\/156706","targetHints":{"allow":["GET"]}}],"collection":[{"href":"https:\/\/www.ernstbrunn-apotheke.at\/katalog\/wp-json\/wp\/v2\/product"}],"about":[{"href":"https:\/\/www.ernstbrunn-apotheke.at\/katalog\/wp-json\/wp\/v2\/types\/product"}],"wp:featuredmedia":[{"embeddable":true,"href":"https:\/\/www.ernstbrunn-apotheke.at\/katalog\/wp-json\/wp\/v2\/media\/156708"}],"wp:attachment":[{"href":"https:\/\/www.ernstbrunn-apotheke.at\/katalog\/wp-json\/wp\/v2\/media?parent=156706"}],"wp:term":[{"taxonomy":"product_brand","embeddable":true,"href":"https:\/\/www.ernstbrunn-apotheke.at\/katalog\/wp-json\/wp\/v2\/product_brand?post=156706"},{"taxonomy":"product_cat","embeddable":true,"href":"https:\/\/www.ernstbrunn-apotheke.at\/katalog\/wp-json\/wp\/v2\/product_cat?post=156706"},{"taxonomy":"product_tag","embeddable":true,"href":"https:\/\/www.ernstbrunn-apotheke.at\/katalog\/wp-json\/wp\/v2\/product_tag?post=156706"}],"curies":[{"name":"wp","href":"https:\/\/api.w.org\/{rel}","templated":true}]}}