{"id":15631,"date":"2025-11-07T18:11:53","date_gmt":"2025-11-07T17:11:53","guid":{"rendered":"https:\/\/www.ernstbrunn-apotheke.at\/katalog\/produkt\/influmed-cistus-immun-kapseln-45-stk\/"},"modified":"2025-12-08T13:52:22","modified_gmt":"2025-12-08T12:52:22","slug":"influmed-cistus-immun-kapseln-45-stk","status":"publish","type":"product","link":"https:\/\/www.ernstbrunn-apotheke.at\/katalog\/produkt\/influmed-cistus-immun-kapseln-45-stk\/","title":{"rendered":"Influmed Cistus-Immun Kapseln 45 Stk."},"content":{"rendered":"<p>Influmed Cistus-Immun Kapseln ist ein hochwertiges Nahrungserg\u00e4nzungsmittel, das sich positiv auf das Immunsystem auswirkt. Dieses Produkt ist geeignet f\u00fcr Kinder ab dem 2. Lebensjahr und frei von Gluten, Lactose und k\u00fcnstlichen Farb- und Aromastoffen.<\/p>\n","protected":false},"excerpt":{"rendered":"<p>Influmed Cistus-Immun Kapseln ist ein hochwertiges Nahrungserg\u00e4nzungsmittel, das sich positiv auf das Immunsystem auswirkt. Dieses Produkt ist geeignet f\u00fcr Kinder ab dem 2. Lebensjahr und frei von Gluten, Lactose und k\u00fcnstlichen Farb- und Aromastoffen.<\/p>\n","protected":false},"featured_media":15633,"template":"","meta":{"_acf_changed":false},"product_brand":[],"product_cat":[823],"product_tag":[],"class_list":{"0":"post-15631","1":"product","2":"type-product","3":"status-publish","4":"has-post-thumbnail","6":"product_cat-i","7":"pa_packungsgroesse-45-stueck","9":"first","10":"instock","11":"shipping-taxable","12":"purchasable","13":"product-type-simple"},"acf":[],"_links":{"self":[{"href":"https:\/\/www.ernstbrunn-apotheke.at\/katalog\/wp-json\/wp\/v2\/product\/15631","targetHints":{"allow":["GET"]}}],"collection":[{"href":"https:\/\/www.ernstbrunn-apotheke.at\/katalog\/wp-json\/wp\/v2\/product"}],"about":[{"href":"https:\/\/www.ernstbrunn-apotheke.at\/katalog\/wp-json\/wp\/v2\/types\/product"}],"wp:featuredmedia":[{"embeddable":true,"href":"https:\/\/www.ernstbrunn-apotheke.at\/katalog\/wp-json\/wp\/v2\/media\/15633"}],"wp:attachment":[{"href":"https:\/\/www.ernstbrunn-apotheke.at\/katalog\/wp-json\/wp\/v2\/media?parent=15631"}],"wp:term":[{"taxonomy":"product_brand","embeddable":true,"href":"https:\/\/www.ernstbrunn-apotheke.at\/katalog\/wp-json\/wp\/v2\/product_brand?post=15631"},{"taxonomy":"product_cat","embeddable":true,"href":"https:\/\/www.ernstbrunn-apotheke.at\/katalog\/wp-json\/wp\/v2\/product_cat?post=15631"},{"taxonomy":"product_tag","embeddable":true,"href":"https:\/\/www.ernstbrunn-apotheke.at\/katalog\/wp-json\/wp\/v2\/product_tag?post=15631"}],"curies":[{"name":"wp","href":"https:\/\/api.w.org\/{rel}","templated":true}]}}