{"id":15581,"date":"2025-11-07T18:11:09","date_gmt":"2025-11-07T17:11:09","guid":{"rendered":"https:\/\/www.ernstbrunn-apotheke.at\/katalog\/produkt\/propolis-tropfen-20-alkoholfrei-20-ml-2\/"},"modified":"2025-12-08T13:52:11","modified_gmt":"2025-12-08T12:52:11","slug":"propolis-tropfen-20-alkoholfrei-20-ml-2","status":"publish","type":"product","link":"https:\/\/www.ernstbrunn-apotheke.at\/katalog\/produkt\/propolis-tropfen-20-alkoholfrei-20-ml-2\/","title":{"rendered":"Propolis Tropfen 20% Alkoholfrei 20 ml"},"content":{"rendered":"<p>Propolis Tropfen 20% Alkoholfrei zeichnen sich durch die wirkungsvollen Eigenschaften der Propolis aus. Seit jeher wird es gegen Entz\u00fcndungen, Schmerzen und infekti\u00f6se Krankheitserreger erfolgreich verwendet. Propolis ist reich an Vitaminen, Mineralien und Spurenelementen, die f\u00fcr den K\u00f6rper ausgesprochen wichtig sind. Das Immunsystem wird stimuliert, der K\u00f6rper gest\u00e4rkt und vitalisiert und die Zellen vor freien Radikalen gesch\u00fctzt.<\/p>\n","protected":false},"excerpt":{"rendered":"<p>Propolis Tropfen 20% Alkoholfrei zeichnen sich durch die wirkungsvollen Eigenschaften der Propolis aus. Seit jeher wird es gegen Entz\u00fcndungen, Schmerzen und infekti\u00f6se Krankheitserreger erfolgreich verwendet. Propolis ist reich an Vitaminen, Mineralien und Spurenelementen, die f\u00fcr den K\u00f6rper ausgesprochen wichtig sind. Das Immunsystem wird stimuliert, der K\u00f6rper gest\u00e4rkt und vitalisiert und die Zellen vor freien Radikalen [&hellip;]<\/p>\n","protected":false},"featured_media":15583,"template":"","meta":{"_acf_changed":false},"product_brand":[],"product_cat":[793],"product_tag":[],"class_list":{"0":"post-15581","1":"product","2":"type-product","3":"status-publish","4":"has-post-thumbnail","6":"product_cat-p","7":"pa_packungsgroesse-20ml","9":"first","10":"instock","11":"shipping-taxable","12":"purchasable","13":"product-type-simple"},"acf":[],"_links":{"self":[{"href":"https:\/\/www.ernstbrunn-apotheke.at\/katalog\/wp-json\/wp\/v2\/product\/15581","targetHints":{"allow":["GET"]}}],"collection":[{"href":"https:\/\/www.ernstbrunn-apotheke.at\/katalog\/wp-json\/wp\/v2\/product"}],"about":[{"href":"https:\/\/www.ernstbrunn-apotheke.at\/katalog\/wp-json\/wp\/v2\/types\/product"}],"wp:featuredmedia":[{"embeddable":true,"href":"https:\/\/www.ernstbrunn-apotheke.at\/katalog\/wp-json\/wp\/v2\/media\/15583"}],"wp:attachment":[{"href":"https:\/\/www.ernstbrunn-apotheke.at\/katalog\/wp-json\/wp\/v2\/media?parent=15581"}],"wp:term":[{"taxonomy":"product_brand","embeddable":true,"href":"https:\/\/www.ernstbrunn-apotheke.at\/katalog\/wp-json\/wp\/v2\/product_brand?post=15581"},{"taxonomy":"product_cat","embeddable":true,"href":"https:\/\/www.ernstbrunn-apotheke.at\/katalog\/wp-json\/wp\/v2\/product_cat?post=15581"},{"taxonomy":"product_tag","embeddable":true,"href":"https:\/\/www.ernstbrunn-apotheke.at\/katalog\/wp-json\/wp\/v2\/product_tag?post=15581"}],"curies":[{"name":"wp","href":"https:\/\/api.w.org\/{rel}","templated":true}]}}