{"id":155772,"date":"2025-11-17T17:13:31","date_gmt":"2025-11-17T16:13:31","guid":{"rendered":"https:\/\/www.ernstbrunn-apotheke.at\/katalog\/produkt\/schuessler-nr-7-magnesium-phosphoricum-doskar-400-stk-d-6-tabletten\/"},"modified":"2025-12-09T11:30:24","modified_gmt":"2025-12-09T10:30:24","slug":"schuessler-nr-7-magnesium-phosphoricum-doskar-400-stk-d-6-tabletten","status":"publish","type":"product","link":"https:\/\/www.ernstbrunn-apotheke.at\/katalog\/produkt\/schuessler-nr-7-magnesium-phosphoricum-doskar-400-stk-d-6-tabletten\/","title":{"rendered":"Sch\u00fc\u00dfler Nr. 7 Magnesium Phosphoricum Doskar 400 Stk. D 6 Tabletten"},"content":{"rendered":"<p>Doskar bietet hom\u00f6opathische Einzelmittel an. Diese \u00fcber 200 Jahre alte Therapieform basiert darauf, dass \u00c4hnliches mit \u00c4hnlichen geheilt wird. Dabei stehen herk\u00f6mmliche Medikamente und hom\u00f6opathische Arzneien zueinander nicht in einem Gegensatz, sondern sind oft nebeneinander im Sinne einer komplement\u00e4ren Erg\u00e4nzung anwendbar.<\/p>\n","protected":false},"excerpt":{"rendered":"<p>Doskar bietet hom\u00f6opathische Einzelmittel an. Diese \u00fcber 200 Jahre alte Therapieform basiert darauf, dass \u00c4hnliches mit \u00c4hnlichen geheilt wird. Dabei stehen herk\u00f6mmliche Medikamente und hom\u00f6opathische Arzneien zueinander nicht in einem Gegensatz, sondern sind oft nebeneinander im Sinne einer komplement\u00e4ren Erg\u00e4nzung anwendbar.<\/p>\n","protected":false},"featured_media":0,"template":"","meta":{"_acf_changed":false},"product_brand":[],"product_cat":[791],"product_tag":[],"class_list":{"0":"post-155772","1":"product","2":"type-product","3":"status-publish","5":"product_cat-s","6":"pa_packungsgroesse-400-stueck","8":"first","9":"instock","10":"shipping-taxable","11":"purchasable","12":"product-type-simple"},"acf":[],"_links":{"self":[{"href":"https:\/\/www.ernstbrunn-apotheke.at\/katalog\/wp-json\/wp\/v2\/product\/155772","targetHints":{"allow":["GET"]}}],"collection":[{"href":"https:\/\/www.ernstbrunn-apotheke.at\/katalog\/wp-json\/wp\/v2\/product"}],"about":[{"href":"https:\/\/www.ernstbrunn-apotheke.at\/katalog\/wp-json\/wp\/v2\/types\/product"}],"wp:attachment":[{"href":"https:\/\/www.ernstbrunn-apotheke.at\/katalog\/wp-json\/wp\/v2\/media?parent=155772"}],"wp:term":[{"taxonomy":"product_brand","embeddable":true,"href":"https:\/\/www.ernstbrunn-apotheke.at\/katalog\/wp-json\/wp\/v2\/product_brand?post=155772"},{"taxonomy":"product_cat","embeddable":true,"href":"https:\/\/www.ernstbrunn-apotheke.at\/katalog\/wp-json\/wp\/v2\/product_cat?post=155772"},{"taxonomy":"product_tag","embeddable":true,"href":"https:\/\/www.ernstbrunn-apotheke.at\/katalog\/wp-json\/wp\/v2\/product_tag?post=155772"}],"curies":[{"name":"wp","href":"https:\/\/api.w.org\/{rel}","templated":true}]}}