{"id":15520,"date":"2025-11-07T18:10:12","date_gmt":"2025-11-07T17:10:12","guid":{"rendered":"https:\/\/www.ernstbrunn-apotheke.at\/katalog\/produkt\/apofit-schwarzkuemmel-oel-500-kapseln-150-stk\/"},"modified":"2025-12-08T13:51:58","modified_gmt":"2025-12-08T12:51:58","slug":"apofit-schwarzkuemmel-oel-500-kapseln-150-stk","status":"publish","type":"product","link":"https:\/\/www.ernstbrunn-apotheke.at\/katalog\/produkt\/apofit-schwarzkuemmel-oel-500-kapseln-150-stk\/","title":{"rendered":"Apofit Schwarzk\u00fcmmel \u00d6l 500 Kapseln 150 Stk."},"content":{"rendered":"<p>Schwarzk\u00fcmmel enth\u00e4lt \u00fcber 100 Substanzen, die das Immunsystem unterst\u00fctzen. Verantwortlich hierf\u00fcr sind insbesondere mehrfach unges\u00e4ttigte Fetts\u00e4uren wie Nigelon, Linols\u00e4ure und Linolens\u00e4ure und Aminos\u00e4uren wie Arginin sowie Fols\u00e4ure und B-Vitamine &#8211; stark preisgesenkt bestellen!<\/p>\n","protected":false},"excerpt":{"rendered":"<p>Schwarzk\u00fcmmel enth\u00e4lt \u00fcber 100 Substanzen, die das Immunsystem unterst\u00fctzen. Verantwortlich hierf\u00fcr sind insbesondere mehrfach unges\u00e4ttigte Fetts\u00e4uren wie Nigelon, Linols\u00e4ure und Linolens\u00e4ure und Aminos\u00e4uren wie Arginin sowie Fols\u00e4ure und B-Vitamine &#8211; stark preisgesenkt bestellen!<\/p>\n","protected":false},"featured_media":15522,"template":"","meta":{"_acf_changed":false},"product_brand":[584],"product_cat":[801],"product_tag":[],"class_list":{"0":"post-15520","1":"product","2":"type-product","3":"status-publish","4":"has-post-thumbnail","6":"product_brand-apofit","7":"product_cat-a","8":"pa_packungsgroesse-150-stueck","10":"first","11":"instock","12":"shipping-taxable","13":"purchasable","14":"product-type-simple"},"acf":[],"_links":{"self":[{"href":"https:\/\/www.ernstbrunn-apotheke.at\/katalog\/wp-json\/wp\/v2\/product\/15520","targetHints":{"allow":["GET"]}}],"collection":[{"href":"https:\/\/www.ernstbrunn-apotheke.at\/katalog\/wp-json\/wp\/v2\/product"}],"about":[{"href":"https:\/\/www.ernstbrunn-apotheke.at\/katalog\/wp-json\/wp\/v2\/types\/product"}],"wp:featuredmedia":[{"embeddable":true,"href":"https:\/\/www.ernstbrunn-apotheke.at\/katalog\/wp-json\/wp\/v2\/media\/15522"}],"wp:attachment":[{"href":"https:\/\/www.ernstbrunn-apotheke.at\/katalog\/wp-json\/wp\/v2\/media?parent=15520"}],"wp:term":[{"taxonomy":"product_brand","embeddable":true,"href":"https:\/\/www.ernstbrunn-apotheke.at\/katalog\/wp-json\/wp\/v2\/product_brand?post=15520"},{"taxonomy":"product_cat","embeddable":true,"href":"https:\/\/www.ernstbrunn-apotheke.at\/katalog\/wp-json\/wp\/v2\/product_cat?post=15520"},{"taxonomy":"product_tag","embeddable":true,"href":"https:\/\/www.ernstbrunn-apotheke.at\/katalog\/wp-json\/wp\/v2\/product_tag?post=15520"}],"curies":[{"name":"wp","href":"https:\/\/api.w.org\/{rel}","templated":true}]}}