{"id":15510,"date":"2025-11-07T18:10:12","date_gmt":"2025-11-07T17:10:12","guid":{"rendered":"https:\/\/www.ernstbrunn-apotheke.at\/katalog\/produkt\/apofit-schwarzkuemmel-oel-100-ml\/"},"modified":"2025-12-08T13:51:55","modified_gmt":"2025-12-08T12:51:55","slug":"apofit-schwarzkuemmel-oel-100-ml","status":"publish","type":"product","link":"https:\/\/www.ernstbrunn-apotheke.at\/katalog\/produkt\/apofit-schwarzkuemmel-oel-100-ml\/","title":{"rendered":"Apofit Schwarzk\u00fcmmel \u00d6l 100 ml"},"content":{"rendered":"<p>Apofit Schwarzk\u00fcmmel\u00f6l stabilisiert das Immunsystem und unterst\u00fctzt bei Erkrankungen der Haut, Atemwege, Allergien, Asthma und sonstigen Infektionen. Dar\u00fcber hinaus ist das \u00d6l reich an unges\u00e4ttigten Fetts\u00e4uren, die die Zellen vor oxidativem Stress bewahren.<\/p>\n","protected":false},"excerpt":{"rendered":"<p>Apofit Schwarzk\u00fcmmel\u00f6l stabilisiert das Immunsystem und unterst\u00fctzt bei Erkrankungen der Haut, Atemwege, Allergien, Asthma und sonstigen Infektionen. Dar\u00fcber hinaus ist das \u00d6l reich an unges\u00e4ttigten Fetts\u00e4uren, die die Zellen vor oxidativem Stress bewahren.<\/p>\n","protected":false},"featured_media":15512,"template":"","meta":{"_acf_changed":false},"product_brand":[584],"product_cat":[801],"product_tag":[],"class_list":{"0":"post-15510","1":"product","2":"type-product","3":"status-publish","4":"has-post-thumbnail","6":"product_brand-apofit","7":"product_cat-a","8":"pa_packungsgroesse-100ml","10":"first","11":"instock","12":"shipping-taxable","13":"purchasable","14":"product-type-simple"},"acf":[],"_links":{"self":[{"href":"https:\/\/www.ernstbrunn-apotheke.at\/katalog\/wp-json\/wp\/v2\/product\/15510","targetHints":{"allow":["GET"]}}],"collection":[{"href":"https:\/\/www.ernstbrunn-apotheke.at\/katalog\/wp-json\/wp\/v2\/product"}],"about":[{"href":"https:\/\/www.ernstbrunn-apotheke.at\/katalog\/wp-json\/wp\/v2\/types\/product"}],"wp:featuredmedia":[{"embeddable":true,"href":"https:\/\/www.ernstbrunn-apotheke.at\/katalog\/wp-json\/wp\/v2\/media\/15512"}],"wp:attachment":[{"href":"https:\/\/www.ernstbrunn-apotheke.at\/katalog\/wp-json\/wp\/v2\/media?parent=15510"}],"wp:term":[{"taxonomy":"product_brand","embeddable":true,"href":"https:\/\/www.ernstbrunn-apotheke.at\/katalog\/wp-json\/wp\/v2\/product_brand?post=15510"},{"taxonomy":"product_cat","embeddable":true,"href":"https:\/\/www.ernstbrunn-apotheke.at\/katalog\/wp-json\/wp\/v2\/product_cat?post=15510"},{"taxonomy":"product_tag","embeddable":true,"href":"https:\/\/www.ernstbrunn-apotheke.at\/katalog\/wp-json\/wp\/v2\/product_tag?post=15510"}],"curies":[{"name":"wp","href":"https:\/\/api.w.org\/{rel}","templated":true}]}}