{"id":15501,"date":"2025-11-07T18:09:24","date_gmt":"2025-11-07T17:09:24","guid":{"rendered":"https:\/\/www.ernstbrunn-apotheke.at\/katalog\/produkt\/thyrim-kapseln\/"},"modified":"2025-12-08T13:51:53","modified_gmt":"2025-12-08T12:51:53","slug":"thyrim-kapseln","status":"publish","type":"product","link":"https:\/\/www.ernstbrunn-apotheke.at\/katalog\/produkt\/thyrim-kapseln\/","title":{"rendered":"Thyrim Kapseln"},"content":{"rendered":"<p>Thyrim Kapseln zur Unterst\u00fctzung der Schilddr\u00fcse und des Immunsystems. Die spezielle Rezeptur der Thyrim-Kapseln nach Prof.Dr.Poszvek kombiniert ausgew\u00e4hlte Wirkstoffe, die zu einer normalen Funktion der Schilddr\u00fcse und des Immunsystems beitragen.Thyrim Kapseln sind ein orthomolekulares Nahrungserg\u00e4nzungsmittel, Die orthomolekulare Medizin versucht Krankeit mit Vitaminen, Mineralien und Spurenelementen zu heilen und befasst sich vor allem mit der Heilung chronischer Krankheiten. Die Kapseln enthalten eine Kombination aus lebenswichtigen N\u00e4hrstoffen und pflanzlichen Extrakten. Einer dieser Extrakte wird aus der Rinde des aus dem Amazonasbecken stammenden Baumes Pau Pereira (Geissospermum vellossi) gewonnen, welche dipolare Alkaloide und spezielle Flavonoide (Flavopereirina) beinhaltet. Diese Inhaltsstoffe \u00fcben nachweislich einen positiven Einfluss auf das gesamte Immunsystem aus. Der zweite Extrakt aus dem Blasentang (Fucus vesiculosus) aktiviert den Lymphfluss, wodurch eine abschwellende Wirkung erzielt wird und ist durch seinen Jodgehalt von 0,15% optimal zur Behandlung von Schildr\u00fcsenunterfunktion.Jetzt mit hohem Rabatt bestellen!<\/p>\n","protected":false},"excerpt":{"rendered":"<p>Thyrim Kapseln zur Unterst\u00fctzung der Schilddr\u00fcse und des Immunsystems. Die spezielle Rezeptur der Thyrim-Kapseln nach Prof.Dr.Poszvek kombiniert ausgew\u00e4hlte Wirkstoffe, die zu einer normalen Funktion der Schilddr\u00fcse und des Immunsystems beitragen.Thyrim Kapseln sind ein orthomolekulares Nahrungserg\u00e4nzungsmittel, Die orthomolekulare Medizin versucht Krankeit mit Vitaminen, Mineralien und Spurenelementen zu heilen und befasst sich vor allem mit der Heilung [&hellip;]<\/p>\n","protected":false},"featured_media":15503,"template":"","meta":{"_acf_changed":false},"product_brand":[],"product_cat":[798],"product_tag":[],"class_list":{"0":"post-15501","1":"product","2":"type-product","3":"status-publish","4":"has-post-thumbnail","6":"product_cat-t","7":"pa_packungsgroesse-60-stueck","9":"first","10":"instock","11":"shipping-taxable","12":"purchasable","13":"product-type-simple"},"acf":[],"_links":{"self":[{"href":"https:\/\/www.ernstbrunn-apotheke.at\/katalog\/wp-json\/wp\/v2\/product\/15501","targetHints":{"allow":["GET"]}}],"collection":[{"href":"https:\/\/www.ernstbrunn-apotheke.at\/katalog\/wp-json\/wp\/v2\/product"}],"about":[{"href":"https:\/\/www.ernstbrunn-apotheke.at\/katalog\/wp-json\/wp\/v2\/types\/product"}],"wp:featuredmedia":[{"embeddable":true,"href":"https:\/\/www.ernstbrunn-apotheke.at\/katalog\/wp-json\/wp\/v2\/media\/15503"}],"wp:attachment":[{"href":"https:\/\/www.ernstbrunn-apotheke.at\/katalog\/wp-json\/wp\/v2\/media?parent=15501"}],"wp:term":[{"taxonomy":"product_brand","embeddable":true,"href":"https:\/\/www.ernstbrunn-apotheke.at\/katalog\/wp-json\/wp\/v2\/product_brand?post=15501"},{"taxonomy":"product_cat","embeddable":true,"href":"https:\/\/www.ernstbrunn-apotheke.at\/katalog\/wp-json\/wp\/v2\/product_cat?post=15501"},{"taxonomy":"product_tag","embeddable":true,"href":"https:\/\/www.ernstbrunn-apotheke.at\/katalog\/wp-json\/wp\/v2\/product_tag?post=15501"}],"curies":[{"name":"wp","href":"https:\/\/api.w.org\/{rel}","templated":true}]}}