{"id":15472,"date":"2025-11-07T18:09:24","date_gmt":"2025-11-07T17:09:24","guid":{"rendered":"https:\/\/www.ernstbrunn-apotheke.at\/katalog\/produkt\/orthomol-immun-tabletten-und-kapseln-30-stk\/"},"modified":"2025-12-08T13:51:47","modified_gmt":"2025-12-08T12:51:47","slug":"orthomol-immun-tabletten-und-kapseln-30-stk","status":"publish","type":"product","link":"https:\/\/www.ernstbrunn-apotheke.at\/katalog\/produkt\/orthomol-immun-tabletten-und-kapseln-30-stk\/","title":{"rendered":"Orthomol Immun Tabletten und Kapseln 30 Stk."},"content":{"rendered":"<p>Orthomol Immun\u00ae Tabletten und Kapseln 30 Stk. ist ein di\u00e4tetisches Lebensmittel f\u00fcr besondere medizinische Zwecke (bilanzierte Di\u00e4t). Es eignet sich zur di\u00e4tetischen Behandlung von nutritiv bedingten Immundefiziten (z.B. bei rezidivierenden Atemwegsinfekten). Orthomol Immun\u00ae enth\u00e4lt wichtige Mikron\u00e4hrstoffe f\u00fcr das Immunsystem. Vitamin C, Vitamin D, Zink, Selen, Kupfer, Fols\u00e4ure, Vitamin A, Vitamin B6 und Vitamin B12 tragen zur normalen Funktion des Immunsystems bei. Vitamin A hat eine Funktion bei der Zellspezialisierung. Die Antioxidanzien Vitamin C, Vitamin E, Vitamin B2 sowie Zink, Selen, Kupfer und Mangan tragen zum Schutz der Zellen vor oxidativem Stress bei. Vitamin A, Vitamin B2, Biotin und Niacin tragen zum Erhalt der normalen Schleimh\u00e4ute bei.<\/p>\n","protected":false},"excerpt":{"rendered":"<p>Orthomol Immun\u00ae Tabletten und Kapseln 30 Stk. ist ein di\u00e4tetisches Lebensmittel f\u00fcr besondere medizinische Zwecke (bilanzierte Di\u00e4t). Es eignet sich zur di\u00e4tetischen Behandlung von nutritiv bedingten Immundefiziten (z.B. bei rezidivierenden Atemwegsinfekten). Orthomol Immun\u00ae enth\u00e4lt wichtige Mikron\u00e4hrstoffe f\u00fcr das Immunsystem. Vitamin C, Vitamin D, Zink, Selen, Kupfer, Fols\u00e4ure, Vitamin A, Vitamin B6 und Vitamin B12 tragen [&hellip;]<\/p>\n","protected":false},"featured_media":15474,"template":"","meta":{"_acf_changed":false},"product_brand":[387],"product_cat":[819],"product_tag":[],"class_list":{"0":"post-15472","1":"product","2":"type-product","3":"status-publish","4":"has-post-thumbnail","6":"product_brand-orthomol","7":"product_cat-o","8":"pa_packungsgroesse-30-stueck","10":"first","11":"instock","12":"shipping-taxable","13":"purchasable","14":"product-type-simple"},"acf":[],"_links":{"self":[{"href":"https:\/\/www.ernstbrunn-apotheke.at\/katalog\/wp-json\/wp\/v2\/product\/15472","targetHints":{"allow":["GET"]}}],"collection":[{"href":"https:\/\/www.ernstbrunn-apotheke.at\/katalog\/wp-json\/wp\/v2\/product"}],"about":[{"href":"https:\/\/www.ernstbrunn-apotheke.at\/katalog\/wp-json\/wp\/v2\/types\/product"}],"wp:featuredmedia":[{"embeddable":true,"href":"https:\/\/www.ernstbrunn-apotheke.at\/katalog\/wp-json\/wp\/v2\/media\/15474"}],"wp:attachment":[{"href":"https:\/\/www.ernstbrunn-apotheke.at\/katalog\/wp-json\/wp\/v2\/media?parent=15472"}],"wp:term":[{"taxonomy":"product_brand","embeddable":true,"href":"https:\/\/www.ernstbrunn-apotheke.at\/katalog\/wp-json\/wp\/v2\/product_brand?post=15472"},{"taxonomy":"product_cat","embeddable":true,"href":"https:\/\/www.ernstbrunn-apotheke.at\/katalog\/wp-json\/wp\/v2\/product_cat?post=15472"},{"taxonomy":"product_tag","embeddable":true,"href":"https:\/\/www.ernstbrunn-apotheke.at\/katalog\/wp-json\/wp\/v2\/product_tag?post=15472"}],"curies":[{"name":"wp","href":"https:\/\/api.w.org\/{rel}","templated":true}]}}