{"id":15464,"date":"2025-11-07T18:09:24","date_gmt":"2025-11-07T17:09:24","guid":{"rendered":"https:\/\/www.ernstbrunn-apotheke.at\/katalog\/produkt\/c-med-quick-immun-sticks-20-stk\/"},"modified":"2025-12-08T13:51:45","modified_gmt":"2025-12-08T12:51:45","slug":"c-med-quick-immun-sticks-20-stk","status":"publish","type":"product","link":"https:\/\/www.ernstbrunn-apotheke.at\/katalog\/produkt\/c-med-quick-immun-sticks-20-stk\/","title":{"rendered":"C-med Quick-Immun-Sticks 20 Stk."},"content":{"rendered":"<p>Nahrungserg\u00e4nzungsmittel mit Vitamin C und Zink f\u00fcr das Immunsystem.C-med\u00ae Quick-Immun-Sticks enthalten hochdosiertes Vitamin C und Zink sowie Histidin und Holunderbeer-Extrakt. Vitamin C und Zink tragen zum Erhalt der normalen Funktion des Immunsystems und zum Schutz der Zellen vor oxidativem Stress bei. Eine ausreichende Versorgung mit den wertvollen Mikron\u00e4hrstoffen ist gerade in der nasskalten Jahreszeit und bei erh\u00f6hter Erk\u00e4ltungsgefahr f\u00fcr ein gut funktionierendes Immunsystem besonders wichtig..<\/p>\n","protected":false},"excerpt":{"rendered":"<p>Nahrungserg\u00e4nzungsmittel mit Vitamin C und Zink f\u00fcr das Immunsystem.C-med\u00ae Quick-Immun-Sticks enthalten hochdosiertes Vitamin C und Zink sowie Histidin und Holunderbeer-Extrakt. Vitamin C und Zink tragen zum Erhalt der normalen Funktion des Immunsystems und zum Schutz der Zellen vor oxidativem Stress bei. Eine ausreichende Versorgung mit den wertvollen Mikron\u00e4hrstoffen ist gerade in der nasskalten Jahreszeit und [&hellip;]<\/p>\n","protected":false},"featured_media":15466,"template":"","meta":{"_acf_changed":false},"product_brand":[],"product_cat":[812],"product_tag":[],"class_list":{"0":"post-15464","1":"product","2":"type-product","3":"status-publish","4":"has-post-thumbnail","6":"product_cat-c","7":"pa_packungsgroesse-20-stueck","8":"pa_packungsgroesse-40-stueck","10":"first","11":"instock","12":"shipping-taxable","13":"purchasable","14":"product-type-simple"},"acf":[],"_links":{"self":[{"href":"https:\/\/www.ernstbrunn-apotheke.at\/katalog\/wp-json\/wp\/v2\/product\/15464","targetHints":{"allow":["GET"]}}],"collection":[{"href":"https:\/\/www.ernstbrunn-apotheke.at\/katalog\/wp-json\/wp\/v2\/product"}],"about":[{"href":"https:\/\/www.ernstbrunn-apotheke.at\/katalog\/wp-json\/wp\/v2\/types\/product"}],"wp:featuredmedia":[{"embeddable":true,"href":"https:\/\/www.ernstbrunn-apotheke.at\/katalog\/wp-json\/wp\/v2\/media\/15466"}],"wp:attachment":[{"href":"https:\/\/www.ernstbrunn-apotheke.at\/katalog\/wp-json\/wp\/v2\/media?parent=15464"}],"wp:term":[{"taxonomy":"product_brand","embeddable":true,"href":"https:\/\/www.ernstbrunn-apotheke.at\/katalog\/wp-json\/wp\/v2\/product_brand?post=15464"},{"taxonomy":"product_cat","embeddable":true,"href":"https:\/\/www.ernstbrunn-apotheke.at\/katalog\/wp-json\/wp\/v2\/product_cat?post=15464"},{"taxonomy":"product_tag","embeddable":true,"href":"https:\/\/www.ernstbrunn-apotheke.at\/katalog\/wp-json\/wp\/v2\/product_tag?post=15464"}],"curies":[{"name":"wp","href":"https:\/\/api.w.org\/{rel}","templated":true}]}}