{"id":15450,"date":"2025-11-07T18:09:24","date_gmt":"2025-11-07T17:09:24","guid":{"rendered":"https:\/\/www.ernstbrunn-apotheke.at\/katalog\/produkt\/apofit-schwarzkuemmel-oel-500-kapseln-75-stk\/"},"modified":"2025-12-08T13:51:42","modified_gmt":"2025-12-08T12:51:42","slug":"apofit-schwarzkuemmel-oel-500-kapseln-75-stk","status":"publish","type":"product","link":"https:\/\/www.ernstbrunn-apotheke.at\/katalog\/produkt\/apofit-schwarzkuemmel-oel-500-kapseln-75-stk\/","title":{"rendered":"Apofit Schwarzk\u00fcmmel \u00d6l 500 Kapseln 75 Stk."},"content":{"rendered":"<p>Apofit Schwarzk\u00fcmmel \u00d6l 500 Kapseln unterst\u00fctzen das Immunsystem und st\u00e4rken so den K\u00f6rper in seinem t\u00e4glichen Kampf gegen Krankheitsausl\u00f6ser verschiedenster Art. Der im Orient seit Jahrtausenden eingesetzte Schwarzk\u00fcmmel versorgt den K\u00f6rper zus\u00e4tzlich mit wertvollem Vitamin E.<\/p>\n","protected":false},"excerpt":{"rendered":"<p>Apofit Schwarzk\u00fcmmel \u00d6l 500 Kapseln unterst\u00fctzen das Immunsystem und st\u00e4rken so den K\u00f6rper in seinem t\u00e4glichen Kampf gegen Krankheitsausl\u00f6ser verschiedenster Art. Der im Orient seit Jahrtausenden eingesetzte Schwarzk\u00fcmmel versorgt den K\u00f6rper zus\u00e4tzlich mit wertvollem Vitamin E.<\/p>\n","protected":false},"featured_media":15452,"template":"","meta":{"_acf_changed":false},"product_brand":[584],"product_cat":[801],"product_tag":[],"class_list":{"0":"post-15450","1":"product","2":"type-product","3":"status-publish","4":"has-post-thumbnail","6":"product_brand-apofit","7":"product_cat-a","8":"pa_packungsgroesse-75-stueck","10":"first","11":"instock","12":"shipping-taxable","13":"purchasable","14":"product-type-simple"},"acf":[],"_links":{"self":[{"href":"https:\/\/www.ernstbrunn-apotheke.at\/katalog\/wp-json\/wp\/v2\/product\/15450","targetHints":{"allow":["GET"]}}],"collection":[{"href":"https:\/\/www.ernstbrunn-apotheke.at\/katalog\/wp-json\/wp\/v2\/product"}],"about":[{"href":"https:\/\/www.ernstbrunn-apotheke.at\/katalog\/wp-json\/wp\/v2\/types\/product"}],"wp:featuredmedia":[{"embeddable":true,"href":"https:\/\/www.ernstbrunn-apotheke.at\/katalog\/wp-json\/wp\/v2\/media\/15452"}],"wp:attachment":[{"href":"https:\/\/www.ernstbrunn-apotheke.at\/katalog\/wp-json\/wp\/v2\/media?parent=15450"}],"wp:term":[{"taxonomy":"product_brand","embeddable":true,"href":"https:\/\/www.ernstbrunn-apotheke.at\/katalog\/wp-json\/wp\/v2\/product_brand?post=15450"},{"taxonomy":"product_cat","embeddable":true,"href":"https:\/\/www.ernstbrunn-apotheke.at\/katalog\/wp-json\/wp\/v2\/product_cat?post=15450"},{"taxonomy":"product_tag","embeddable":true,"href":"https:\/\/www.ernstbrunn-apotheke.at\/katalog\/wp-json\/wp\/v2\/product_tag?post=15450"}],"curies":[{"name":"wp","href":"https:\/\/api.w.org\/{rel}","templated":true}]}}