{"id":15403,"date":"2025-11-07T18:08:34","date_gmt":"2025-11-07T17:08:34","guid":{"rendered":"https:\/\/www.ernstbrunn-apotheke.at\/katalog\/produkt\/orthomol-immun-granulat-30-stk\/"},"modified":"2025-12-08T13:51:31","modified_gmt":"2025-12-08T12:51:31","slug":"orthomol-immun-granulat-30-stk","status":"publish","type":"product","link":"https:\/\/www.ernstbrunn-apotheke.at\/katalog\/produkt\/orthomol-immun-granulat-30-stk\/","title":{"rendered":"Orthomol Immun Granulat 30 Stk."},"content":{"rendered":"<p>Mikron\u00e4hrstoffe f\u00fcr das Immunsystem. Orthomol Immun ist ein Lebensmittel f\u00fcr besondere medizinische Zwecke (bilanzierte Di\u00e4t). Zum Di\u00e4tmanagement bei nutritiv bedingten Immundefiziten (z. B. bei rezidivierenden Atemwegsinfekten). Aufgrund seiner Eigenschaften und Merkmale ist Orthomol Immun in der Lage, den spezifischen N\u00e4hrstoffbedarf bei nutritiv bedingten Immundefiziten zu decken. Wissenschaftliche Daten belegen, dass die Kombination von Vitamin C, Vitamin E, Zink, Selen, Kupfer und Mangan sowie weiteren Vitaminen, Mineralstoffen und sonstigen Stoffen den Ern\u00e4hrungsanforderungen zum Di\u00e4tmanagement bei nutritiv bedingten Immundefiziten zweckdienlich ist.<\/p>\n","protected":false},"excerpt":{"rendered":"<p>Mikron\u00e4hrstoffe f\u00fcr das Immunsystem. Orthomol Immun ist ein Lebensmittel f\u00fcr besondere medizinische Zwecke (bilanzierte Di\u00e4t). Zum Di\u00e4tmanagement bei nutritiv bedingten Immundefiziten (z. B. bei rezidivierenden Atemwegsinfekten). Aufgrund seiner Eigenschaften und Merkmale ist Orthomol Immun in der Lage, den spezifischen N\u00e4hrstoffbedarf bei nutritiv bedingten Immundefiziten zu decken. Wissenschaftliche Daten belegen, dass die Kombination von Vitamin C, [&hellip;]<\/p>\n","protected":false},"featured_media":15405,"template":"","meta":{"_acf_changed":false},"product_brand":[387],"product_cat":[819],"product_tag":[],"class_list":{"0":"post-15403","1":"product","2":"type-product","3":"status-publish","4":"has-post-thumbnail","6":"product_brand-orthomol","7":"product_cat-o","8":"pa_packungsgroesse-15-beutel","9":"pa_packungsgroesse-30-beutel","11":"first","12":"instock","13":"shipping-taxable","14":"purchasable","15":"product-type-simple"},"acf":[],"_links":{"self":[{"href":"https:\/\/www.ernstbrunn-apotheke.at\/katalog\/wp-json\/wp\/v2\/product\/15403","targetHints":{"allow":["GET"]}}],"collection":[{"href":"https:\/\/www.ernstbrunn-apotheke.at\/katalog\/wp-json\/wp\/v2\/product"}],"about":[{"href":"https:\/\/www.ernstbrunn-apotheke.at\/katalog\/wp-json\/wp\/v2\/types\/product"}],"wp:featuredmedia":[{"embeddable":true,"href":"https:\/\/www.ernstbrunn-apotheke.at\/katalog\/wp-json\/wp\/v2\/media\/15405"}],"wp:attachment":[{"href":"https:\/\/www.ernstbrunn-apotheke.at\/katalog\/wp-json\/wp\/v2\/media?parent=15403"}],"wp:term":[{"taxonomy":"product_brand","embeddable":true,"href":"https:\/\/www.ernstbrunn-apotheke.at\/katalog\/wp-json\/wp\/v2\/product_brand?post=15403"},{"taxonomy":"product_cat","embeddable":true,"href":"https:\/\/www.ernstbrunn-apotheke.at\/katalog\/wp-json\/wp\/v2\/product_cat?post=15403"},{"taxonomy":"product_tag","embeddable":true,"href":"https:\/\/www.ernstbrunn-apotheke.at\/katalog\/wp-json\/wp\/v2\/product_tag?post=15403"}],"curies":[{"name":"wp","href":"https:\/\/api.w.org\/{rel}","templated":true}]}}