{"id":15350,"date":"2025-11-07T18:07:43","date_gmt":"2025-11-07T17:07:43","guid":{"rendered":"https:\/\/www.ernstbrunn-apotheke.at\/katalog\/produkt\/madaus-echinacin-saft\/"},"modified":"2025-12-08T13:51:19","modified_gmt":"2025-12-08T12:51:19","slug":"madaus-echinacin-saft","status":"publish","type":"product","link":"https:\/\/www.ernstbrunn-apotheke.at\/katalog\/produkt\/madaus-echinacin-saft\/","title":{"rendered":"Madaus Echinacin Saft"},"content":{"rendered":"<p>Echinacin Saft von MADAUS enth\u00e4lt Xylit \u2013 dessen karieshemmende Wirkung beruht vermutlich auf der hemmenden Wirkung des Bacterium Streptococcus mutans, das haupts\u00e4chlich f\u00fcr die sch\u00e4dliche S\u00e4urebildung aus Zucker an den Z\u00e4hnen verantwortlich ist.<\/p>\n","protected":false},"excerpt":{"rendered":"<p>Echinacin Saft von MADAUS enth\u00e4lt Xylit \u2013 dessen karieshemmende Wirkung beruht vermutlich auf der hemmenden Wirkung des Bacterium Streptococcus mutans, das haupts\u00e4chlich f\u00fcr die sch\u00e4dliche S\u00e4urebildung aus Zucker an den Z\u00e4hnen verantwortlich ist.<\/p>\n","protected":false},"featured_media":15352,"template":"","meta":{"_acf_changed":false},"product_brand":[580],"product_cat":[800],"product_tag":[],"class_list":{"0":"post-15350","1":"product","2":"type-product","3":"status-publish","4":"has-post-thumbnail","6":"product_brand-madaus","7":"product_cat-m","8":"pa_packungsgroesse-100ml","10":"first","11":"instock","12":"shipping-taxable","13":"purchasable","14":"product-type-simple"},"acf":[],"_links":{"self":[{"href":"https:\/\/www.ernstbrunn-apotheke.at\/katalog\/wp-json\/wp\/v2\/product\/15350","targetHints":{"allow":["GET"]}}],"collection":[{"href":"https:\/\/www.ernstbrunn-apotheke.at\/katalog\/wp-json\/wp\/v2\/product"}],"about":[{"href":"https:\/\/www.ernstbrunn-apotheke.at\/katalog\/wp-json\/wp\/v2\/types\/product"}],"wp:featuredmedia":[{"embeddable":true,"href":"https:\/\/www.ernstbrunn-apotheke.at\/katalog\/wp-json\/wp\/v2\/media\/15352"}],"wp:attachment":[{"href":"https:\/\/www.ernstbrunn-apotheke.at\/katalog\/wp-json\/wp\/v2\/media?parent=15350"}],"wp:term":[{"taxonomy":"product_brand","embeddable":true,"href":"https:\/\/www.ernstbrunn-apotheke.at\/katalog\/wp-json\/wp\/v2\/product_brand?post=15350"},{"taxonomy":"product_cat","embeddable":true,"href":"https:\/\/www.ernstbrunn-apotheke.at\/katalog\/wp-json\/wp\/v2\/product_cat?post=15350"},{"taxonomy":"product_tag","embeddable":true,"href":"https:\/\/www.ernstbrunn-apotheke.at\/katalog\/wp-json\/wp\/v2\/product_tag?post=15350"}],"curies":[{"name":"wp","href":"https:\/\/api.w.org\/{rel}","templated":true}]}}