{"id":153127,"date":"2025-11-17T13:16:44","date_gmt":"2025-11-17T12:16:44","guid":{"rendered":"https:\/\/www.ernstbrunn-apotheke.at\/katalog\/produkt\/st-severin-yamswurzel-salbe\/"},"modified":"2025-12-09T11:26:52","modified_gmt":"2025-12-09T10:26:52","slug":"st-severin-yamswurzel-salbe","status":"publish","type":"product","link":"https:\/\/www.ernstbrunn-apotheke.at\/katalog\/produkt\/st-severin-yamswurzel-salbe\/","title":{"rendered":"St. Severin Yamswurzel Salbe"},"content":{"rendered":"<p>Produktbeschreibung: Zum Einmassieren in die Haut.Die Yamswurzel war urspr\u00fcnglich in Nord- und Mittelamerika beheimatet, besiedelt nun aber weltweit s\u00e4mtliche tropische bis gem\u00e4\u00dfigte Gebiete. Im asiatischen Raum hat die Yamswurzel einen Ruf als \u201eVerj\u00fcngungsmittel\u201c. Vor allem f\u00fcr die Frau ist die ausgleichende Yamswurzel interessant. Stimmungsschwankungen, Hitzewallungen und St\u00f6rungen des Schlafes k\u00f6nnen durch regelm\u00e4\u00dfige Anwendung reduziert werden.<\/p>\n<p><\/p>\n<p>Ingredients: Lanolin, Alcohol, Simmondsia Chinensis Seed Oil, Prunus Amygdalus Dulcis Oil, Aqua, Dioscorea Villosa Root Extract. F\u00fcr die Herstellung dieses Produktes wird ausschlie\u00dflich kaltgepresstes, 100 % naturreines Bio-Mandel\u00f6l der Firma Fandler verwendet<\/p>\n","protected":false},"excerpt":{"rendered":"<p>Produktbeschreibung: Zum Einmassieren in die Haut.Die Yamswurzel war urspr\u00fcnglich in Nord- und Mittelamerika beheimatet, besiedelt nun aber weltweit s\u00e4mtliche tropische bis gem\u00e4\u00dfigte Gebiete. Im asiatischen Raum hat die Yamswurzel einen Ruf als \u201eVerj\u00fcngungsmittel\u201c. Vor allem f\u00fcr die Frau ist die ausgleichende Yamswurzel interessant. Stimmungsschwankungen, Hitzewallungen und St\u00f6rungen des Schlafes k\u00f6nnen durch regelm\u00e4\u00dfige Anwendung reduziert werden. [&hellip;]<\/p>\n","protected":false},"featured_media":153129,"template":"","meta":{"_acf_changed":false},"product_brand":[435],"product_cat":[791],"product_tag":[],"class_list":{"0":"post-153127","1":"product","2":"type-product","3":"status-publish","4":"has-post-thumbnail","6":"product_brand-st-severin","7":"product_cat-s","8":"pa_packungsgroesse-90g","10":"first","11":"instock","12":"shipping-taxable","13":"purchasable","14":"product-type-simple"},"acf":[],"_links":{"self":[{"href":"https:\/\/www.ernstbrunn-apotheke.at\/katalog\/wp-json\/wp\/v2\/product\/153127","targetHints":{"allow":["GET"]}}],"collection":[{"href":"https:\/\/www.ernstbrunn-apotheke.at\/katalog\/wp-json\/wp\/v2\/product"}],"about":[{"href":"https:\/\/www.ernstbrunn-apotheke.at\/katalog\/wp-json\/wp\/v2\/types\/product"}],"wp:featuredmedia":[{"embeddable":true,"href":"https:\/\/www.ernstbrunn-apotheke.at\/katalog\/wp-json\/wp\/v2\/media\/153129"}],"wp:attachment":[{"href":"https:\/\/www.ernstbrunn-apotheke.at\/katalog\/wp-json\/wp\/v2\/media?parent=153127"}],"wp:term":[{"taxonomy":"product_brand","embeddable":true,"href":"https:\/\/www.ernstbrunn-apotheke.at\/katalog\/wp-json\/wp\/v2\/product_brand?post=153127"},{"taxonomy":"product_cat","embeddable":true,"href":"https:\/\/www.ernstbrunn-apotheke.at\/katalog\/wp-json\/wp\/v2\/product_cat?post=153127"},{"taxonomy":"product_tag","embeddable":true,"href":"https:\/\/www.ernstbrunn-apotheke.at\/katalog\/wp-json\/wp\/v2\/product_tag?post=153127"}],"curies":[{"name":"wp","href":"https:\/\/api.w.org\/{rel}","templated":true}]}}