{"id":15305,"date":"2025-11-07T18:06:41","date_gmt":"2025-11-07T17:06:41","guid":{"rendered":"https:\/\/www.ernstbrunn-apotheke.at\/katalog\/produkt\/propolis-tropfen-20-alkoholfrei-20-ml\/"},"modified":"2025-12-08T13:51:09","modified_gmt":"2025-12-08T12:51:09","slug":"propolis-tropfen-20-alkoholfrei-20-ml","status":"publish","type":"product","link":"https:\/\/www.ernstbrunn-apotheke.at\/katalog\/produkt\/propolis-tropfen-20-alkoholfrei-20-ml\/","title":{"rendered":"Propolis Tropfen 20% Alkoholfrei 20 ml"},"content":{"rendered":"<p>Propolis Tropfen 20% Alkoholfrei st\u00e4rken Ihr Immunsystem und sch\u00fctzen vor sch\u00e4dlichen Erregern aller Art. Die Tropfen eignen sich au\u00dferdem zur Kr\u00e4ftigung des Zahnfleisches.  Expertentipp: Erleichtern Sie Ihrem Baby das Zahnen, indem Sie die Tropfen mit dem kleinen Finger vorsichtig auf das Zahnfleisch auftragen.<\/p>\n","protected":false},"excerpt":{"rendered":"<p>Propolis Tropfen 20% Alkoholfrei st\u00e4rken Ihr Immunsystem und sch\u00fctzen vor sch\u00e4dlichen Erregern aller Art. Die Tropfen eignen sich au\u00dferdem zur Kr\u00e4ftigung des Zahnfleisches. Expertentipp: Erleichtern Sie Ihrem Baby das Zahnen, indem Sie die Tropfen mit dem kleinen Finger vorsichtig auf das Zahnfleisch auftragen.<\/p>\n","protected":false},"featured_media":15307,"template":"","meta":{"_acf_changed":false},"product_brand":[],"product_cat":[793],"product_tag":[],"class_list":{"0":"post-15305","1":"product","2":"type-product","3":"status-publish","4":"has-post-thumbnail","6":"product_cat-p","7":"pa_packungsgroesse-20ml","9":"first","10":"instock","11":"shipping-taxable","12":"purchasable","13":"product-type-simple"},"acf":[],"_links":{"self":[{"href":"https:\/\/www.ernstbrunn-apotheke.at\/katalog\/wp-json\/wp\/v2\/product\/15305","targetHints":{"allow":["GET"]}}],"collection":[{"href":"https:\/\/www.ernstbrunn-apotheke.at\/katalog\/wp-json\/wp\/v2\/product"}],"about":[{"href":"https:\/\/www.ernstbrunn-apotheke.at\/katalog\/wp-json\/wp\/v2\/types\/product"}],"wp:featuredmedia":[{"embeddable":true,"href":"https:\/\/www.ernstbrunn-apotheke.at\/katalog\/wp-json\/wp\/v2\/media\/15307"}],"wp:attachment":[{"href":"https:\/\/www.ernstbrunn-apotheke.at\/katalog\/wp-json\/wp\/v2\/media?parent=15305"}],"wp:term":[{"taxonomy":"product_brand","embeddable":true,"href":"https:\/\/www.ernstbrunn-apotheke.at\/katalog\/wp-json\/wp\/v2\/product_brand?post=15305"},{"taxonomy":"product_cat","embeddable":true,"href":"https:\/\/www.ernstbrunn-apotheke.at\/katalog\/wp-json\/wp\/v2\/product_cat?post=15305"},{"taxonomy":"product_tag","embeddable":true,"href":"https:\/\/www.ernstbrunn-apotheke.at\/katalog\/wp-json\/wp\/v2\/product_tag?post=15305"}],"curies":[{"name":"wp","href":"https:\/\/api.w.org\/{rel}","templated":true}]}}