{"id":15288,"date":"2025-11-07T18:06:41","date_gmt":"2025-11-07T17:06:41","guid":{"rendered":"https:\/\/www.ernstbrunn-apotheke.at\/katalog\/produkt\/kwizda-d3-3-000-ie-tabletten-28-stk\/"},"modified":"2025-12-08T13:51:06","modified_gmt":"2025-12-08T12:51:06","slug":"kwizda-d3-3-000-ie-tabletten-28-stk","status":"publish","type":"product","link":"https:\/\/www.ernstbrunn-apotheke.at\/katalog\/produkt\/kwizda-d3-3-000-ie-tabletten-28-stk\/","title":{"rendered":"Kwizda D3 3.000 IE Tabletten 28 Stk."},"content":{"rendered":"<p>Kwizda D3 3.000I.E Tabletten versorgen den K\u00f6rper mit essentiellem Vitamin D, welches in unserem Organismus f\u00fcr viele Verschiedene biologische Prozesse ben\u00f6tigt wird. Sie wirken Mangelerscheinungen entgegen und steigern das Wohlbefinden &#8211; jetzt mit hohem Rabatt Produkte von Kwizda bestellen!<\/p>\n","protected":false},"excerpt":{"rendered":"<p>Kwizda D3 3.000I.E Tabletten versorgen den K\u00f6rper mit essentiellem Vitamin D, welches in unserem Organismus f\u00fcr viele Verschiedene biologische Prozesse ben\u00f6tigt wird. Sie wirken Mangelerscheinungen entgegen und steigern das Wohlbefinden &#8211; jetzt mit hohem Rabatt Produkte von Kwizda bestellen!<\/p>\n","protected":false},"featured_media":15290,"template":"","meta":{"_acf_changed":false},"product_brand":[581],"product_cat":[807],"product_tag":[],"class_list":{"0":"post-15288","1":"product","2":"type-product","3":"status-publish","4":"has-post-thumbnail","6":"product_brand-kwizda","7":"product_cat-k","8":"pa_packungsgroesse-28-stueck","9":"pa_packungsgroesse-56-stueck","11":"first","12":"instock","13":"shipping-taxable","14":"purchasable","15":"product-type-simple"},"acf":[],"_links":{"self":[{"href":"https:\/\/www.ernstbrunn-apotheke.at\/katalog\/wp-json\/wp\/v2\/product\/15288","targetHints":{"allow":["GET"]}}],"collection":[{"href":"https:\/\/www.ernstbrunn-apotheke.at\/katalog\/wp-json\/wp\/v2\/product"}],"about":[{"href":"https:\/\/www.ernstbrunn-apotheke.at\/katalog\/wp-json\/wp\/v2\/types\/product"}],"wp:featuredmedia":[{"embeddable":true,"href":"https:\/\/www.ernstbrunn-apotheke.at\/katalog\/wp-json\/wp\/v2\/media\/15290"}],"wp:attachment":[{"href":"https:\/\/www.ernstbrunn-apotheke.at\/katalog\/wp-json\/wp\/v2\/media?parent=15288"}],"wp:term":[{"taxonomy":"product_brand","embeddable":true,"href":"https:\/\/www.ernstbrunn-apotheke.at\/katalog\/wp-json\/wp\/v2\/product_brand?post=15288"},{"taxonomy":"product_cat","embeddable":true,"href":"https:\/\/www.ernstbrunn-apotheke.at\/katalog\/wp-json\/wp\/v2\/product_cat?post=15288"},{"taxonomy":"product_tag","embeddable":true,"href":"https:\/\/www.ernstbrunn-apotheke.at\/katalog\/wp-json\/wp\/v2\/product_tag?post=15288"}],"curies":[{"name":"wp","href":"https:\/\/api.w.org\/{rel}","templated":true}]}}