{"id":152640,"date":"2025-11-17T13:05:52","date_gmt":"2025-11-17T12:05:52","guid":{"rendered":"https:\/\/www.ernstbrunn-apotheke.at\/katalog\/produkt\/vollkraft-dinkel-1-kg-bio\/"},"modified":"2025-12-09T11:25:02","modified_gmt":"2025-12-09T10:25:02","slug":"vollkraft-dinkel-1-kg-bio","status":"publish","type":"product","link":"https:\/\/www.ernstbrunn-apotheke.at\/katalog\/produkt\/vollkraft-dinkel-1-kg-bio\/","title":{"rendered":"Vollkraft Dinkel 1 kg BIO"},"content":{"rendered":"<p>Vollkraft Dinkel kbA stammt aus kontrolliert biologischem Anbau aus dem Saatgut Ostro und Rotkorn (nicht mit Weizen gekreuzt). Dieses Saatgut ergibt zwar nicht die besten Ertr\u00e4ge, daf\u00fcr aber die beste Qualit\u00e4t.<\/p>\n","protected":false},"excerpt":{"rendered":"<p>Vollkraft Dinkel kbA stammt aus kontrolliert biologischem Anbau aus dem Saatgut Ostro und Rotkorn (nicht mit Weizen gekreuzt). Dieses Saatgut ergibt zwar nicht die besten Ertr\u00e4ge, daf\u00fcr aber die beste Qualit\u00e4t.<\/p>\n","protected":false},"featured_media":0,"template":"","meta":{"_acf_changed":false},"product_brand":[869],"product_cat":[799],"product_tag":[],"class_list":{"0":"post-152640","1":"product","2":"type-product","3":"status-publish","5":"product_brand-vollkraft","6":"product_cat-v","7":"pa_packungsgroesse-1kg","9":"first","10":"instock","11":"shipping-taxable","12":"purchasable","13":"product-type-simple"},"acf":[],"_links":{"self":[{"href":"https:\/\/www.ernstbrunn-apotheke.at\/katalog\/wp-json\/wp\/v2\/product\/152640","targetHints":{"allow":["GET"]}}],"collection":[{"href":"https:\/\/www.ernstbrunn-apotheke.at\/katalog\/wp-json\/wp\/v2\/product"}],"about":[{"href":"https:\/\/www.ernstbrunn-apotheke.at\/katalog\/wp-json\/wp\/v2\/types\/product"}],"wp:attachment":[{"href":"https:\/\/www.ernstbrunn-apotheke.at\/katalog\/wp-json\/wp\/v2\/media?parent=152640"}],"wp:term":[{"taxonomy":"product_brand","embeddable":true,"href":"https:\/\/www.ernstbrunn-apotheke.at\/katalog\/wp-json\/wp\/v2\/product_brand?post=152640"},{"taxonomy":"product_cat","embeddable":true,"href":"https:\/\/www.ernstbrunn-apotheke.at\/katalog\/wp-json\/wp\/v2\/product_cat?post=152640"},{"taxonomy":"product_tag","embeddable":true,"href":"https:\/\/www.ernstbrunn-apotheke.at\/katalog\/wp-json\/wp\/v2\/product_tag?post=152640"}],"curies":[{"name":"wp","href":"https:\/\/api.w.org\/{rel}","templated":true}]}}