{"id":15262,"date":"2025-11-07T18:06:41","date_gmt":"2025-11-07T17:06:41","guid":{"rendered":"https:\/\/www.ernstbrunn-apotheke.at\/katalog\/produkt\/cetebe-abwehr-plus-kapseln-30-stk\/"},"modified":"2025-12-08T13:51:01","modified_gmt":"2025-12-08T12:51:01","slug":"cetebe-abwehr-plus-kapseln-30-stk","status":"publish","type":"product","link":"https:\/\/www.ernstbrunn-apotheke.at\/katalog\/produkt\/cetebe-abwehr-plus-kapseln-30-stk\/","title":{"rendered":"Cetebe ABWEHR plus Kapseln 30 Stk."},"content":{"rendered":"<p>Cetebe ABWEHR plus Kapseln unterst\u00fctzen mithilfe von Vitamin C, Vitamin D und Zink die Abwehrkr\u00e4fte und st\u00e4rken das Immunsystem.<\/p>\n","protected":false},"excerpt":{"rendered":"<p>Cetebe ABWEHR plus Kapseln unterst\u00fctzen mithilfe von Vitamin C, Vitamin D und Zink die Abwehrkr\u00e4fte und st\u00e4rken das Immunsystem.<\/p>\n","protected":false},"featured_media":15264,"template":"","meta":{"_acf_changed":false},"product_brand":[],"product_cat":[812],"product_tag":[],"class_list":{"0":"post-15262","1":"product","2":"type-product","3":"status-publish","4":"has-post-thumbnail","6":"product_cat-c","7":"pa_packungsgroesse-30-stueck","9":"first","10":"instock","11":"shipping-taxable","12":"purchasable","13":"product-type-simple"},"acf":[],"_links":{"self":[{"href":"https:\/\/www.ernstbrunn-apotheke.at\/katalog\/wp-json\/wp\/v2\/product\/15262","targetHints":{"allow":["GET"]}}],"collection":[{"href":"https:\/\/www.ernstbrunn-apotheke.at\/katalog\/wp-json\/wp\/v2\/product"}],"about":[{"href":"https:\/\/www.ernstbrunn-apotheke.at\/katalog\/wp-json\/wp\/v2\/types\/product"}],"wp:featuredmedia":[{"embeddable":true,"href":"https:\/\/www.ernstbrunn-apotheke.at\/katalog\/wp-json\/wp\/v2\/media\/15264"}],"wp:attachment":[{"href":"https:\/\/www.ernstbrunn-apotheke.at\/katalog\/wp-json\/wp\/v2\/media?parent=15262"}],"wp:term":[{"taxonomy":"product_brand","embeddable":true,"href":"https:\/\/www.ernstbrunn-apotheke.at\/katalog\/wp-json\/wp\/v2\/product_brand?post=15262"},{"taxonomy":"product_cat","embeddable":true,"href":"https:\/\/www.ernstbrunn-apotheke.at\/katalog\/wp-json\/wp\/v2\/product_cat?post=15262"},{"taxonomy":"product_tag","embeddable":true,"href":"https:\/\/www.ernstbrunn-apotheke.at\/katalog\/wp-json\/wp\/v2\/product_tag?post=15262"}],"curies":[{"name":"wp","href":"https:\/\/api.w.org\/{rel}","templated":true}]}}