{"id":152419,"date":"2025-11-17T13:02:00","date_gmt":"2025-11-17T12:02:00","guid":{"rendered":"https:\/\/www.ernstbrunn-apotheke.at\/katalog\/produkt\/st-severin-veilchenblatt-salbe\/"},"modified":"2025-12-09T11:23:59","modified_gmt":"2025-12-09T10:23:59","slug":"st-severin-veilchenblatt-salbe","status":"publish","type":"product","link":"https:\/\/www.ernstbrunn-apotheke.at\/katalog\/produkt\/st-severin-veilchenblatt-salbe\/","title":{"rendered":"St. Severin Veilchenblatt Salbe"},"content":{"rendered":"<p>Das Veilchen, welches zur Familie der Veilchengew\u00e4chse (Violaceae) z\u00e4hlt, stammt urspr\u00fcnglich aus dem Mittelmeergebiet, ist jedoch heutzutage fast weltweit ver treten. Das Veilchen wird bereits seit der Antike wegen seiner positiven Effekte sehr gesch\u00e4tzt. Die Pflanze soll abschwellende, antibakterielle, beruhigende, durchblu tungsf\u00f6rdernde und entz\u00fcndungshemmende Eigenschaften besitzen. Bei rheumatischen Beschwerden, Quetschungen und Verrenkungen kann eine Linderung erzielt werden.<\/p>\n<p>Ingredients: Lanolin, Alcohol, Simmondsia Chinensis Seed Oil, Prunus Amygdalus Dulcis Oil, Aqua, Viola Odorata Leaf Extract<\/p>\n","protected":false},"excerpt":{"rendered":"<p>Das Veilchen, welches zur Familie der Veilchengew\u00e4chse (Violaceae) z\u00e4hlt, stammt urspr\u00fcnglich aus dem Mittelmeergebiet, ist jedoch heutzutage fast weltweit ver treten. Das Veilchen wird bereits seit der Antike wegen seiner positiven Effekte sehr gesch\u00e4tzt. Die Pflanze soll abschwellende, antibakterielle, beruhigende, durchblu tungsf\u00f6rdernde und entz\u00fcndungshemmende Eigenschaften besitzen. Bei rheumatischen Beschwerden, Quetschungen und Verrenkungen kann eine Linderung [&hellip;]<\/p>\n","protected":false},"featured_media":152421,"template":"","meta":{"_acf_changed":false},"product_brand":[435],"product_cat":[791],"product_tag":[],"class_list":{"0":"post-152419","1":"product","2":"type-product","3":"status-publish","4":"has-post-thumbnail","6":"product_brand-st-severin","7":"product_cat-s","8":"pa_packungsgroesse-90g","10":"first","11":"instock","12":"shipping-taxable","13":"purchasable","14":"product-type-simple"},"acf":[],"_links":{"self":[{"href":"https:\/\/www.ernstbrunn-apotheke.at\/katalog\/wp-json\/wp\/v2\/product\/152419","targetHints":{"allow":["GET"]}}],"collection":[{"href":"https:\/\/www.ernstbrunn-apotheke.at\/katalog\/wp-json\/wp\/v2\/product"}],"about":[{"href":"https:\/\/www.ernstbrunn-apotheke.at\/katalog\/wp-json\/wp\/v2\/types\/product"}],"wp:featuredmedia":[{"embeddable":true,"href":"https:\/\/www.ernstbrunn-apotheke.at\/katalog\/wp-json\/wp\/v2\/media\/152421"}],"wp:attachment":[{"href":"https:\/\/www.ernstbrunn-apotheke.at\/katalog\/wp-json\/wp\/v2\/media?parent=152419"}],"wp:term":[{"taxonomy":"product_brand","embeddable":true,"href":"https:\/\/www.ernstbrunn-apotheke.at\/katalog\/wp-json\/wp\/v2\/product_brand?post=152419"},{"taxonomy":"product_cat","embeddable":true,"href":"https:\/\/www.ernstbrunn-apotheke.at\/katalog\/wp-json\/wp\/v2\/product_cat?post=152419"},{"taxonomy":"product_tag","embeddable":true,"href":"https:\/\/www.ernstbrunn-apotheke.at\/katalog\/wp-json\/wp\/v2\/product_tag?post=152419"}],"curies":[{"name":"wp","href":"https:\/\/api.w.org\/{rel}","templated":true}]}}