{"id":152408,"date":"2025-11-17T13:01:48","date_gmt":"2025-11-17T12:01:48","guid":{"rendered":"https:\/\/www.ernstbrunn-apotheke.at\/katalog\/produkt\/urinocol-1-stk-boy-closed\/"},"modified":"2025-12-09T11:23:55","modified_gmt":"2025-12-09T10:23:55","slug":"urinocol-1-stk-boy-closed","status":"publish","type":"product","link":"https:\/\/www.ernstbrunn-apotheke.at\/katalog\/produkt\/urinocol-1-stk-boy-closed\/","title":{"rendered":"Urinocol 1 Stk. Boy Closed"},"content":{"rendered":"<p>Urinocol ist ein PVC-freier Urin-Auffangbeutel mit einem Volumen von 100 ml. Durch die Zweiteilung der Folie ist ein besseres Abziehen und Anbringen der Folie m\u00f6glich. Die Klebefl\u00e4che ist Latex-frei, sorgt f\u00fcr geringe Hautirritationen und zeichnet sich durch die bessere Klebeeigenschaft aus.<\/p>\n","protected":false},"excerpt":{"rendered":"<p>Urinocol ist ein PVC-freier Urin-Auffangbeutel mit einem Volumen von 100 ml. Durch die Zweiteilung der Folie ist ein besseres Abziehen und Anbringen der Folie m\u00f6glich. Die Klebefl\u00e4che ist Latex-frei, sorgt f\u00fcr geringe Hautirritationen und zeichnet sich durch die bessere Klebeeigenschaft aus.<\/p>\n","protected":false},"featured_media":0,"template":"","meta":{"_acf_changed":false},"product_brand":[],"product_cat":[848],"product_tag":[],"class_list":{"0":"post-152408","1":"product","2":"type-product","3":"status-publish","5":"product_cat-u","6":"pa_packungsgroesse-1-beutel","8":"first","9":"instock","10":"shipping-taxable","11":"purchasable","12":"product-type-simple"},"acf":[],"_links":{"self":[{"href":"https:\/\/www.ernstbrunn-apotheke.at\/katalog\/wp-json\/wp\/v2\/product\/152408","targetHints":{"allow":["GET"]}}],"collection":[{"href":"https:\/\/www.ernstbrunn-apotheke.at\/katalog\/wp-json\/wp\/v2\/product"}],"about":[{"href":"https:\/\/www.ernstbrunn-apotheke.at\/katalog\/wp-json\/wp\/v2\/types\/product"}],"wp:attachment":[{"href":"https:\/\/www.ernstbrunn-apotheke.at\/katalog\/wp-json\/wp\/v2\/media?parent=152408"}],"wp:term":[{"taxonomy":"product_brand","embeddable":true,"href":"https:\/\/www.ernstbrunn-apotheke.at\/katalog\/wp-json\/wp\/v2\/product_brand?post=152408"},{"taxonomy":"product_cat","embeddable":true,"href":"https:\/\/www.ernstbrunn-apotheke.at\/katalog\/wp-json\/wp\/v2\/product_cat?post=152408"},{"taxonomy":"product_tag","embeddable":true,"href":"https:\/\/www.ernstbrunn-apotheke.at\/katalog\/wp-json\/wp\/v2\/product_tag?post=152408"}],"curies":[{"name":"wp","href":"https:\/\/api.w.org\/{rel}","templated":true}]}}