{"id":152309,"date":"2025-11-17T12:59:40","date_gmt":"2025-11-17T11:59:40","guid":{"rendered":"https:\/\/www.ernstbrunn-apotheke.at\/katalog\/produkt\/tiroler-nussoel-alpin-sonnencreme-lsf-30-20-ml\/"},"modified":"2025-12-09T11:23:34","modified_gmt":"2025-12-09T10:23:34","slug":"tiroler-nussoel-alpin-sonnencreme-lsf-30-20-ml","status":"publish","type":"product","link":"https:\/\/www.ernstbrunn-apotheke.at\/katalog\/produkt\/tiroler-nussoel-alpin-sonnencreme-lsf-30-20-ml\/","title":{"rendered":"Tiroler Nuss\u00f6l alpin Sonnencreme LSF 30 20 ml"},"content":{"rendered":"<p><strong>F\u00fcr alle, die hoch hinaus m\u00f6chten.<\/strong><\/p>\n<p>&#13;<\/p>\n<p>Der Winter im Gebirge stellt besondere Anforderungen an die Haut. Zu K\u00e4lte und Wind kommen eine erh\u00f6hte UV-Strahlung und reflektierender Schnee hinzu und erfordern einen gesteigerten Sonnenschutz.<\/p>\n","protected":false},"excerpt":{"rendered":"<p>F\u00fcr alle, die hoch hinaus m\u00f6chten. &#13; Der Winter im Gebirge stellt besondere Anforderungen an die Haut. Zu K\u00e4lte und Wind kommen eine erh\u00f6hte UV-Strahlung und reflektierender Schnee hinzu und erfordern einen gesteigerten Sonnenschutz.<\/p>\n","protected":false},"featured_media":0,"template":"","meta":{"_acf_changed":false},"product_brand":[],"product_cat":[798],"product_tag":[],"class_list":{"0":"post-152309","1":"product","2":"type-product","3":"status-publish","5":"product_cat-t","6":"pa_packungsgroesse-20ml","8":"first","9":"instock","10":"shipping-taxable","11":"purchasable","12":"product-type-simple"},"acf":[],"_links":{"self":[{"href":"https:\/\/www.ernstbrunn-apotheke.at\/katalog\/wp-json\/wp\/v2\/product\/152309","targetHints":{"allow":["GET"]}}],"collection":[{"href":"https:\/\/www.ernstbrunn-apotheke.at\/katalog\/wp-json\/wp\/v2\/product"}],"about":[{"href":"https:\/\/www.ernstbrunn-apotheke.at\/katalog\/wp-json\/wp\/v2\/types\/product"}],"wp:attachment":[{"href":"https:\/\/www.ernstbrunn-apotheke.at\/katalog\/wp-json\/wp\/v2\/media?parent=152309"}],"wp:term":[{"taxonomy":"product_brand","embeddable":true,"href":"https:\/\/www.ernstbrunn-apotheke.at\/katalog\/wp-json\/wp\/v2\/product_brand?post=152309"},{"taxonomy":"product_cat","embeddable":true,"href":"https:\/\/www.ernstbrunn-apotheke.at\/katalog\/wp-json\/wp\/v2\/product_cat?post=152309"},{"taxonomy":"product_tag","embeddable":true,"href":"https:\/\/www.ernstbrunn-apotheke.at\/katalog\/wp-json\/wp\/v2\/product_tag?post=152309"}],"curies":[{"name":"wp","href":"https:\/\/api.w.org\/{rel}","templated":true}]}}