{"id":152246,"date":"2025-11-17T12:58:24","date_gmt":"2025-11-17T11:58:24","guid":{"rendered":"https:\/\/www.ernstbrunn-apotheke.at\/katalog\/produkt\/tetesept-ruhepause-bad-125-ml\/"},"modified":"2025-12-09T11:23:19","modified_gmt":"2025-12-09T10:23:19","slug":"tetesept-ruhepause-bad-125-ml","status":"publish","type":"product","link":"https:\/\/www.ernstbrunn-apotheke.at\/katalog\/produkt\/tetesept-ruhepause-bad-125-ml\/","title":{"rendered":"Tetesept Ruhepause Bad 125 ml"},"content":{"rendered":"<p>Tetesept Ruhepause Bad enth\u00e4lt eine einzigartige Kombination aus \u00e4therischem Orangen- und Lavendel\u00f6l, erg\u00e4nzt um reichhaltige Pflege\u00f6le und kostbare Bade-Liposome. Ihre Haut wird nachhaltig streichelzart gepflegt..<\/p>\n","protected":false},"excerpt":{"rendered":"<p>Tetesept Ruhepause Bad enth\u00e4lt eine einzigartige Kombination aus \u00e4therischem Orangen- und Lavendel\u00f6l, erg\u00e4nzt um reichhaltige Pflege\u00f6le und kostbare Bade-Liposome. Ihre Haut wird nachhaltig streichelzart gepflegt..<\/p>\n","protected":false},"featured_media":152248,"template":"","meta":{"_acf_changed":false},"product_brand":[],"product_cat":[798],"product_tag":[],"class_list":{"0":"post-152246","1":"product","2":"type-product","3":"status-publish","4":"has-post-thumbnail","6":"product_cat-t","7":"pa_packungsgroesse-125ml","9":"first","10":"instock","11":"shipping-taxable","12":"purchasable","13":"product-type-simple"},"acf":[],"_links":{"self":[{"href":"https:\/\/www.ernstbrunn-apotheke.at\/katalog\/wp-json\/wp\/v2\/product\/152246","targetHints":{"allow":["GET"]}}],"collection":[{"href":"https:\/\/www.ernstbrunn-apotheke.at\/katalog\/wp-json\/wp\/v2\/product"}],"about":[{"href":"https:\/\/www.ernstbrunn-apotheke.at\/katalog\/wp-json\/wp\/v2\/types\/product"}],"wp:featuredmedia":[{"embeddable":true,"href":"https:\/\/www.ernstbrunn-apotheke.at\/katalog\/wp-json\/wp\/v2\/media\/152248"}],"wp:attachment":[{"href":"https:\/\/www.ernstbrunn-apotheke.at\/katalog\/wp-json\/wp\/v2\/media?parent=152246"}],"wp:term":[{"taxonomy":"product_brand","embeddable":true,"href":"https:\/\/www.ernstbrunn-apotheke.at\/katalog\/wp-json\/wp\/v2\/product_brand?post=152246"},{"taxonomy":"product_cat","embeddable":true,"href":"https:\/\/www.ernstbrunn-apotheke.at\/katalog\/wp-json\/wp\/v2\/product_cat?post=152246"},{"taxonomy":"product_tag","embeddable":true,"href":"https:\/\/www.ernstbrunn-apotheke.at\/katalog\/wp-json\/wp\/v2\/product_tag?post=152246"}],"curies":[{"name":"wp","href":"https:\/\/api.w.org\/{rel}","templated":true}]}}