{"id":152231,"date":"2025-11-17T12:57:46","date_gmt":"2025-11-17T11:57:46","guid":{"rendered":"https:\/\/www.ernstbrunn-apotheke.at\/katalog\/produkt\/terratherm-waermesohlen-large\/"},"modified":"2025-12-09T11:23:17","modified_gmt":"2025-12-09T10:23:17","slug":"terratherm-waermesohlen-large","status":"publish","type":"product","link":"https:\/\/www.ernstbrunn-apotheke.at\/katalog\/produkt\/terratherm-waermesohlen-large\/","title":{"rendered":"TerraTherm W\u00e4rmesohlen Large"},"content":{"rendered":"<p>Diese durch Luft aktivierbaren Fu\u00dfw\u00e4rmer Sohlen funktionieren ganz ohne Strom. Einfach Einweg-W\u00e4rmesohlen auspacken, wenige Minuten an der Luft aktivieren und mit der glatten Seite nach unten in die Schuhe legen. Mit unseren W\u00e4rmeeinlagen kannst du und bis zu 8 Stunden wohlig warme F\u00fc\u00dfe genie\u00dfen.<\/p>\n","protected":false},"excerpt":{"rendered":"<p>Diese durch Luft aktivierbaren Fu\u00dfw\u00e4rmer Sohlen funktionieren ganz ohne Strom. Einfach Einweg-W\u00e4rmesohlen auspacken, wenige Minuten an der Luft aktivieren und mit der glatten Seite nach unten in die Schuhe legen. Mit unseren W\u00e4rmeeinlagen kannst du und bis zu 8 Stunden wohlig warme F\u00fc\u00dfe genie\u00dfen.<\/p>\n","protected":false},"featured_media":0,"template":"","meta":{"_acf_changed":false},"product_brand":[],"product_cat":[798],"product_tag":[],"class_list":{"0":"post-152231","1":"product","2":"type-product","3":"status-publish","5":"product_cat-t","6":"pa_packungsgroesse-1-packungen","8":"first","9":"instock","10":"shipping-taxable","11":"purchasable","12":"product-type-simple"},"acf":[],"_links":{"self":[{"href":"https:\/\/www.ernstbrunn-apotheke.at\/katalog\/wp-json\/wp\/v2\/product\/152231","targetHints":{"allow":["GET"]}}],"collection":[{"href":"https:\/\/www.ernstbrunn-apotheke.at\/katalog\/wp-json\/wp\/v2\/product"}],"about":[{"href":"https:\/\/www.ernstbrunn-apotheke.at\/katalog\/wp-json\/wp\/v2\/types\/product"}],"wp:attachment":[{"href":"https:\/\/www.ernstbrunn-apotheke.at\/katalog\/wp-json\/wp\/v2\/media?parent=152231"}],"wp:term":[{"taxonomy":"product_brand","embeddable":true,"href":"https:\/\/www.ernstbrunn-apotheke.at\/katalog\/wp-json\/wp\/v2\/product_brand?post=152231"},{"taxonomy":"product_cat","embeddable":true,"href":"https:\/\/www.ernstbrunn-apotheke.at\/katalog\/wp-json\/wp\/v2\/product_cat?post=152231"},{"taxonomy":"product_tag","embeddable":true,"href":"https:\/\/www.ernstbrunn-apotheke.at\/katalog\/wp-json\/wp\/v2\/product_tag?post=152231"}],"curies":[{"name":"wp","href":"https:\/\/api.w.org\/{rel}","templated":true}]}}